{"id":1960,"date":"2024-07-31T12:22:21","date_gmt":"2024-07-31T10:22:21","guid":{"rendered":"https:\/\/www.arrova.dev\/?page_id=1960"},"modified":"2026-04-22T17:07:48","modified_gmt":"2026-04-22T15:07:48","slug":"avis-legal","status":"publish","type":"page","link":"https:\/\/www.arrova.dev\/ca\/avis-legal\/","title":{"rendered":"Av\u00eds legal"},"content":{"rendered":"<div class=\"et_pb_section_0 et_pb_section et_section_regular et_block_section et_pb_section_parallax header-section-p\"><span class=\"et-pb-parallax-wrapper\"><span class=\"et-pb-parallax-background et-pb-parallax-background-module--divi-section-0\" style=\"background-image:url(https:\/\/www.arrova.dev\/wp-content\/uploads\/2020\/06\/cyber-security-bl.png)\"><\/span><\/span><div class=\"et_pb_row_0 et_pb_row et_block_row\"><div class=\"et_pb_column_0 et_pb_column et_pb_column_1_2 et_block_column et_pb_css_mix_blend_mode_passthrough\"><div class=\"et_pb_text_0 et_pb_text et_pb_bg_layout_dark et_pb_module et_block_module preset--module--divi-text--default\"><div class=\"et_pb_text_inner\"><h1>Av\u00eds legal<\/h1>\n<\/div><\/div><\/div><div class=\"et_pb_column_1 et_pb_column et_pb_column_1_2 et-last-child et_block_column et_pb_css_mix_blend_mode_passthrough\"><div class=\"et_pb_image_0 et_pb_image et_animated et_pb_module et_block_module\"><span class=\"et_pb_image_wrap\"><img loading=\"lazy\" decoding=\"async\" src=\"https:\/\/www.arrova.dev\/wp-content\/uploads\/2020\/06\/authentication.png\" width=\"1000\" height=\"940\" srcset=\"https:\/\/www.arrova.dev\/wp-content\/uploads\/2020\/06\/authentication.png 1000w, https:\/\/www.arrova.dev\/wp-content\/uploads\/2020\/06\/authentication-980x921.png 980w, https:\/\/www.arrova.dev\/wp-content\/uploads\/2020\/06\/authentication-480x451.png 480w\" sizes=\"(min-width: 0px) and (max-width: 480px) 480px, (min-width: 481px) and (max-width: 980px) 980px, (min-width: 981px) 1000px, 100vw\" class=\"wp-image-226\" title=\"authentication\" \/><\/span><\/div><\/div><\/div><div class=\"et_pb_row_1 et_pb_row et_block_row\"><div class=\"et_pb_column_2 et_pb_column et_pb_column_4_4 et-last-child et_block_column et_pb_css_mix_blend_mode_passthrough\"><div class=\"et_pb_image_1 et_pb_image et_pb_image_sticky et_pb_module et_block_module\"><span class=\"et_pb_image_wrap\"><img loading=\"lazy\" decoding=\"async\" src=\"https:\/\/www.arrova.dev\/wp-content\/uploads\/2020\/06\/cyber-security-05.png\" width=\"2560\" height=\"1043\" srcset=\"https:\/\/www.arrova.dev\/wp-content\/uploads\/2020\/06\/cyber-security-05.png 2560w, https:\/\/www.arrova.dev\/wp-content\/uploads\/2020\/06\/cyber-security-05-1280x522.png 1280w, https:\/\/www.arrova.dev\/wp-content\/uploads\/2020\/06\/cyber-security-05-980x399.png 980w, https:\/\/www.arrova.dev\/wp-content\/uploads\/2020\/06\/cyber-security-05-480x196.png 480w\" sizes=\"(min-width: 0px) and (max-width: 480px) 480px, (min-width: 481px) and (max-width: 980px) 980px, (min-width: 981px) and (max-width: 1280px) 1280px, (min-width: 1281px) 2560px, 100vw\" class=\"wp-image-100\" \/><\/span><\/div><\/div><\/div><\/div><div class=\"et_pb_section_1 et_pb_section et_section_regular et_block_section\"><div class=\"et_pb_row_2 et_pb_row et_block_row\"><div class=\"et_pb_column_3 et_pb_column et_pb_column_4_4 et-last-child et_block_column et_pb_css_mix_blend_mode_passthrough\"><div class=\"et_pb_text_1 et_pb_text et_pb_bg_layout_light et_pb_module et_block_module et_pb_text_align_justified preset--module--divi-text--default\"><div class=\"et_pb_text_inner\"><h2>\u200bDades identificatives<\/h2>\n<p>Aquest lloc web www.arrova.cat \u00e9s propietat de ARROVA INTERNET AGENCY, SL (d'ara endavant ARROVA) amb domicili social al c\/Girona, 161, -08402- Granollers- (Barcelona), CIF B-66919309, inscrita al Registre Mercantil de Barcelona, \u200b\u200btom 45722, foli 92, full 496874, inscripci\u00f3 1a, tel\u00e8fon no 931426297, correu electr\u00f2nic info@arrova.cat<\/p>\n<\/div><\/div><\/div><\/div><div class=\"et_pb_row_3 et_pb_row et_block_row\"><div class=\"et_pb_column_4 et_pb_column et_pb_column_4_4 et-last-child et_block_column et_pb_css_mix_blend_mode_passthrough\"><div class=\"et_pb_text_2 et_pb_text et_pb_bg_layout_light et_pb_module et_block_module et_pb_text_align_justified preset--module--divi-text--default\"><div class=\"et_pb_text_inner\"><h2>\u200bCondicions d'\u00fas i responsabilitats<\/h2>\n<p>L'acc\u00e9s a aquest portal \u00e9s gratu\u00eft, entenent-se que tothom que hi accedeixi o en faci \u00fas adquireix la condici\u00f3 d'Usuari i accepta sense reserves totes aquestes condicions.<\/p>\n<p>L'Usuari \u00e9s el responsable del bon \u00fas en general del portal, del seu contingut i serveis, aix\u00ed com de la veracitat i rectitud de les dades que si escau hagi de proporcionar per accedir-hi, quedant expressament prohibides totes aquelles activitats que a cada moment puguin considerar-se contr\u00e0ries a la legislaci\u00f3 vigent, reservant-se el titular del portal el dret a impedir l'acc\u00e9s total o parcial al seu lloc web oa algun dels seus continguts o serveis, aix\u00ed com a exercir les accions legals oportunes contra aquells que incompleixin el que preveu aquestes condicions d\u00fas, eximint-se el titular del portal de qualsevol responsabilitat derivada dactuacions realitzades per tercers, actes fortu\u00efts o de for\u00e7a major.<\/p>\n<p>Sense previ av\u00eds, el titular del portal es reserva el dret a fer els canvis i revisions que consideri oportuns al vostre lloc web, alterant, afegint, eliminant tot o part dels continguts, serveis o disseny del portal.<\/p>\n<\/div><\/div><\/div><\/div><div class=\"et_pb_row_4 et_pb_row et_block_row\"><div class=\"et_pb_column_5 et_pb_column et_pb_column_4_4 et-last-child et_block_column et_pb_css_mix_blend_mode_passthrough\"><div class=\"et_pb_text_3 et_pb_text et_pb_bg_layout_light et_pb_module et_block_module et_pb_text_align_justified preset--module--divi-text--default\"><div class=\"et_pb_text_inner\"><h2>Links o hiperenlla\u00e7os<\/h2>\n<p>Per tal de facilitar l'acc\u00e9s a p\u00e0gines web que el titular del portal considera que poden ser d'inter\u00e8s per a l'usuari i la titularitat del qual no li pertanyen, poden proporcionar-s'hi enlla\u00e7os, sense que es pugui fer responsable dels continguts, del funcionament de la Web enlla\u00e7ada, o de possibles danys que poguessin ocasionar-se de l'acc\u00e9s o \u00fas de la mateixa, per la qual cosa l'usuari assumeix sota la seva responsabilitat totes les conseq\u00fc\u00e8ncies fins i tot danyoses que es puguin derivar d'aquest acc\u00e9s.<\/p>\n<p>Els enlla\u00e7os d'altres webs a la del titular del portal estan prohibits sense pr\u00e8via autoritzaci\u00f3. En qualsevol cas, el titular del portal declina qualsevol responsabilitat pels danys i perjudicis que poguessin derivar-se a l'Usuari per l'acc\u00e9s i l'\u00fas del portal que hagu\u00e9s facilitat l'enlla\u00e7. <\/p>\n<\/div><\/div><\/div><\/div><div class=\"et_pb_row_5 et_pb_row et_block_row\"><div class=\"et_pb_column_6 et_pb_column et_pb_column_4_4 et-last-child et_block_column et_pb_css_mix_blend_mode_passthrough\"><div class=\"et_pb_text_4 et_pb_text et_pb_bg_layout_light et_pb_module et_block_module et_pb_text_align_justified preset--module--divi-text--default\"><div class=\"et_pb_text_inner\"><h2>Llei aplicable i jurisdicci\u00f3<\/h2>\n<p>La legislaci\u00f3 espanyola ser\u00e0 la aplicable en cas de conflictes que puguin sorgir en relaci\u00f3 amb l'acc\u00e9s i l'\u00fas d'aquest lloc web. Sense perjudici del que s'estableixi imperativament per a casos especials i especialment respectant la legislaci\u00f3 de consumidors i usuaris, amb ren\u00fancia a qualsevol altre f\u00f2rum que els pugui correspondre, les parts se sotmeten expressament a la jurisdicci\u00f3 dels jutjats de la ciutat de Granollers. <\/p>\n<\/div><\/div><\/div><\/div><div class=\"et_pb_row_6 et_pb_row et_block_row\"><div class=\"et_pb_column_7 et_pb_column et_pb_column_4_4 et-last-child et_block_column et_pb_css_mix_blend_mode_passthrough\"><div class=\"et_pb_text_5 et_pb_text et_pb_bg_layout_light et_pb_module et_block_module preset--module--divi-text--default\"><div class=\"et_pb_text_inner\"><p>\u00a9 Tots els drets reservats.<\/p>\n<\/div><\/div><\/div><\/div><\/div>","protected":false},"excerpt":{"rendered":"","protected":false},"author":2,"featured_media":0,"parent":0,"menu_order":0,"comment_status":"closed","ping_status":"closed","template":"","meta":{"footnotes":""},"class_list":["post-1960","page","type-page","status-publish","hentry"],"_links":{"self":[{"href":"https:\/\/www.arrova.dev\/ca\/wp-json\/wp\/v2\/pages\/1960","targetHints":{"allow":["GET"]}}],"collection":[{"href":"https:\/\/www.arrova.dev\/ca\/wp-json\/wp\/v2\/pages"}],"about":[{"href":"https:\/\/www.arrova.dev\/ca\/wp-json\/wp\/v2\/types\/page"}],"author":[{"embeddable":true,"href":"https:\/\/www.arrova.dev\/ca\/wp-json\/wp\/v2\/users\/2"}],"replies":[{"embeddable":true,"href":"https:\/\/www.arrova.dev\/ca\/wp-json\/wp\/v2\/comments?post=1960"}],"version-history":[{"count":11,"href":"https:\/\/www.arrova.dev\/ca\/wp-json\/wp\/v2\/pages\/1960\/revisions"}],"predecessor-version":[{"id":6457,"href":"https:\/\/www.arrova.dev\/ca\/wp-json\/wp\/v2\/pages\/1960\/revisions\/6457"}],"wp:attachment":[{"href":"https:\/\/www.arrova.dev\/ca\/wp-json\/wp\/v2\/media?parent=1960"}],"curies":[{"name":"wp","href":"https:\/\/api.w.org\/{rel}","templated":true}]}}