{"id":1964,"date":"2024-07-31T12:24:39","date_gmt":"2024-07-31T10:24:39","guid":{"rendered":"https:\/\/www.arrova.dev\/?page_id=1964"},"modified":"2026-04-22T17:07:50","modified_gmt":"2026-04-22T15:07:50","slug":"disseny-de-logotips","status":"publish","type":"page","link":"https:\/\/www.arrova.dev\/ca\/dissen-grafic\/disseny-de-logotips\/","title":{"rendered":"Disseny de Logotips"},"content":{"rendered":"<div class=\"et_pb_section_0 et_pb_section et_section_regular et_block_section et_pb_section_parallax header-section-p\"><span class=\"et-pb-parallax-wrapper\"><span class=\"et-pb-parallax-background et-pb-parallax-background-module--divi-section-0\" style=\"background-image:url(https:\/\/www.arrova.dev\/wp-content\/uploads\/2021\/12\/textura2.png)\"><\/span><\/span><div class=\"et_pb_row_0 et_pb_row et_block_row\"><div class=\"et_pb_column_0 et_pb_column et_pb_column_1_2 et_block_column et_pb_css_mix_blend_mode_passthrough\"><div class=\"et_pb_text_0 et_pb_text et_pb_bg_layout_dark et_pb_module et_block_module preset--module--divi-text--default\"><div class=\"et_pb_text_inner\"><h1>Disseny de logotips<\/h1>\n<\/div><\/div><div class=\"et_pb_text_1 et_pb_text et_pb_bg_layout_dark et_pb_module et_block_module preset--module--divi-text--default\"><div class=\"et_pb_text_inner\"><p>Dissenyem el teu logotip, li donem un nou aire o t'ho convertim en vectorial perqu\u00e8 el puguis utilitzar en qualsevol suport.<\/p>\n<\/div><\/div><div class=\"et_pb_module et_pb_button_module_wrapper et_pb_button_0_wrapper\"><a class=\"et_pb_button_0 et_pb_button et_pb_bg_layout_light et_pb_module et_block_module\" href=\"#contact-footer-title-row\" data-icon=\"5\">Contacta amb nosaltres<\/a><\/div><\/div><div class=\"et_pb_column_1 et_pb_column et_pb_column_1_2 et-last-child et_block_column et_pb_css_mix_blend_mode_passthrough\"><div class=\"et_pb_image_0 et_pb_image et_animated et_pb_module et_block_module\"><span class=\"et_pb_image_wrap\"><img loading=\"lazy\" decoding=\"async\" src=\"https:\/\/www.arrova.dev\/wp-content\/uploads\/2020\/06\/creative_process_.png\" width=\"1000\" height=\"783\" srcset=\"https:\/\/www.arrova.dev\/wp-content\/uploads\/2020\/06\/creative_process_.png 1000w, https:\/\/www.arrova.dev\/wp-content\/uploads\/2020\/06\/creative_process_-980x767.png 980w, https:\/\/www.arrova.dev\/wp-content\/uploads\/2020\/06\/creative_process_-480x376.png 480w\" sizes=\"(min-width: 0px) and (max-width: 480px) 480px, (min-width: 481px) and (max-width: 980px) 980px, (min-width: 981px) 1000px, 100vw\" class=\"wp-image-362\" title=\"creative_process_\" \/><\/span><\/div><\/div><\/div><div class=\"et_pb_row_1 et_pb_row et_block_row\"><div class=\"et_pb_column_2 et_pb_column et_pb_column_4_4 et-last-child et_block_column et_pb_css_mix_blend_mode_passthrough\"><div class=\"et_pb_image_1 et_pb_image et_pb_image_sticky et_pb_module et_block_module\"><span class=\"et_pb_image_wrap\"><img loading=\"lazy\" decoding=\"async\" src=\"https:\/\/www.arrova.dev\/wp-content\/uploads\/2020\/06\/cyber-security-05.png\" width=\"2560\" height=\"1043\" srcset=\"https:\/\/www.arrova.dev\/wp-content\/uploads\/2020\/06\/cyber-security-05.png 2560w, https:\/\/www.arrova.dev\/wp-content\/uploads\/2020\/06\/cyber-security-05-1280x522.png 1280w, https:\/\/www.arrova.dev\/wp-content\/uploads\/2020\/06\/cyber-security-05-980x399.png 980w, https:\/\/www.arrova.dev\/wp-content\/uploads\/2020\/06\/cyber-security-05-480x196.png 480w\" sizes=\"(min-width: 0px) and (max-width: 480px) 480px, (min-width: 481px) and (max-width: 980px) 980px, (min-width: 981px) and (max-width: 1280px) 1280px, (min-width: 1281px) 2560px, 100vw\" class=\"wp-image-100\" \/><\/span><\/div><\/div><\/div><\/div><div class=\"et_pb_section_1 et_pb_section et_section_regular et_block_section\"><div class=\"et_pb_row_2 et_pb_row et_block_row\"><div class=\"et_pb_column_3 et_pb_column et_pb_column_4_4 et-last-child et_block_column et_pb_css_mix_blend_mode_passthrough\"><div class=\"et_pb_text_2 et_pb_text et_pb_bg_layout_light et_pb_module et_block_module et_pb_text_align_justified preset--module--divi-text--default\"><div class=\"et_pb_text_inner\"><h2>Disseny de logotips personalitzats<\/h2>\n<p>&nbsp;<\/p>\n<p style=\"text-align: justify;\">T'oferim el servei de creaci\u00f3 del teu propi logotip, ja sigui adaptant-lo a les tend\u00e8ncies o b\u00e9 creant-lo des de zero segons les teves necessitats. Tindr\u00e0s varietat de formats, aix\u00ed podr\u00e0s utilitzar-lo on i quan vulguis. <\/p>\n<p style=\"text-align: justify;\">Podr\u00e0s participar en el proc\u00e9s de creaci\u00f3 de la identitat corporativa de la teva empresa, incorporant-hi tots els aspectes necessaris i aconseguir\u00e0s l'\u00e8xit.<\/p>\n<p>&nbsp;<\/p>\n<h2>  Per qu\u00e8 escollir Arrova.cat?<\/h2>\n<p>&nbsp;<\/p>\n<p style=\"text-align: justify;\">- Dissenyem el teu logotip a la teva manera, podr\u00e0s mirar m\u00e9s enll\u00e0 i conduir al reconeixement i l'admiraci\u00f3 del teu negoci.<\/p>\n<p style=\"text-align: justify;\">- Captar l\u00b4ess\u00e8ncia del teu negoci \u00e9s indispensable quan establim la identitat visual del teu negoci.<\/p>\n<p style=\"text-align: justify;\">- La innovaci\u00f3 i el professionalisme s\u00f3n els nostres punts forts, cercant sempre aportar el m\u00e0xim de visibilitat a les nostres creacions.<\/p>\n<p style=\"text-align: justify;\">- T'assegurem l'efectivitat a les nostres creacions a causa de l'aplicaci\u00f3 dels teus principals valors.<\/p>\n<p>&nbsp;<\/p>\n<p><b><span data-contrast=\"none\"><\/span><\/b><\/p>\n<h2 style=\"text-align: left;\"><b><span data-contrast=\"none\">Disseny de Logotips:<\/span><\/b> <span data-contrast=\"none\">Transformant la teva Identitat de Marca a trav\u00e9s dels nostres Serveis de Disseny de Logotips Exclusius<\/span><span data-ccp-props=\"{\"134233117\":false,\"134233118\":false,\"201341983\":0,\"335551550\":6,\"335551620\":6,\"335559738\":0,\"335559739\":0,\"335559740\":259}\"> <\/span><\/h2>\n<p><span data-ccp-props=\"{\"134233117\":false,\"134233118\":false,\"201341983\":0,\"335551550\":6,\"335551620\":6,\"335559738\":0,\"335559739\":0,\"335559740\":259}\"> <\/span><\/p>\n<p style=\"text-align: justify;\">A Arrova.cat, el nostre comprom\u00eds amb l'excel\u00b7l\u00e8ncia en el disseny de logotips \u00e9s all\u00f2 que ens impulsa. Som experts en la seva creaci\u00f3, que no nom\u00e9s reflecteixen l'ess\u00e8ncia del teu negoci, sin\u00f3 que tamb\u00e9 el defineixen de manera \u00fanica. <\/p>\n<p style=\"text-align: justify;\">A Arrova.cat, entenem que el disseny de logotips \u00e9s un pas crucial on podr\u00e0s definir la identitat de la teva marca. La nostra passi\u00f3 pel disseny ens impulsa a crear logotips excepcionals que no nom\u00e9s reflecteixen qui ets, sin\u00f3 que tamb\u00e9 t'ajuden a destacar a la teva ind\u00fastria. <\/p>\n<p>&nbsp;<\/p>\n<p style=\"text-align: justify;\">La nostra dedicaci\u00f3 al disseny de logotips personalitzats vol dir que no hi ha un enfocament \u00fanic per a tots. Cada logotip que creem est\u00e0 dissenyat espec\u00edficament per satisfer les necessitats i els valors de la teva marca. El nostre equip de dissenyadors altament capacitats treballa amb tu de prop, escoltant les teves idees i visions per transformar-les en un logotip que sigui visualment impactant i aut\u00e8ntic.  <\/p>\n<p><span data-ccp-props=\"{\"134233117\":false,\"134233118\":false,\"201341983\":0,\"335551550\":6,\"335551620\":6,\"335559738\":0,\"335559739\":0,\"335559740\":259}\"> <\/span><\/p>\n<h3><strong>Disseny de Logotips: Eleva la Identitat Visual de la teva marca amb els nostres serveis personalitzats<\/strong><\/h3>\n<p><strong><\/strong><\/p>\n<p style=\"text-align: justify;\">A Arrova.cat, el nostre enfocament del disseny de logotips es basa en la creaci\u00f3 d'identitats visuals excepcionals per a la teva marca. Els nostres serveis estan dissenyats per adaptar-se a les tend\u00e8ncies actuals o per ser creats des de zero, brindant-te varietat de formats per al seu \u00fas vers\u00e0til. <\/p>\n<p>&nbsp;<\/p>\n<h3><b><span data-contrast=\"none\">Disseny de Logotips Personalitzats: Un Enfocament a la teva Marca<\/span><\/b><span data-ccp-props=\"{\"134233117\":false,\"134233118\":false,\"201341983\":0,\"335551550\":6,\"335551620\":6,\"335559738\":0,\"335559739\":0,\"335559740\":259}\"> <\/span><\/h3>\n<p><span data-ccp-props=\"{\"134233117\":false,\"134233118\":false,\"201341983\":0,\"335551550\":6,\"335551620\":6,\"335559738\":0,\"335559739\":0,\"335559740\":259}\"> <\/span><\/p>\n<p style=\"text-align: justify;\">El nostre equip est\u00e0 molt especialitzat en el disseny de logotips personalitzats. Entenem que el teu logotip \u00e9s el pilar de la teva identitat de marca, i per aix\u00f2 ens dediquem a crear aquests dissenys que s'ajustin perfectament als teus valors i objectius comercials. Ja sigui que vulguis revitalitzar el teu logotip actual o comen\u00e7ar des de zero, som aqu\u00ed per convertir la teva visi\u00f3 en una realitat visualment impactant. Cada logotip que creem s'adapta exclusivament a la teva marca. Col\u00b7laborem estretament amb tu, utilitzant les teves idees i visions per transformar-les en un logotip visualment captivador i aut\u00e8ntic.    <\/p>\n<p><span data-ccp-props=\"{\"134233117\":false,\"134233118\":false,\"201341983\":0,\"335551550\":6,\"335551620\":6,\"335559738\":0,\"335559739\":0,\"335559740\":259}\"> <\/span><\/p>\n<h3><b><span data-contrast=\"none\">La teva col\u00b7laboraci\u00f3 activa en el proc\u00e9s de disseny de logotips<\/span><\/b><span data-ccp-props=\"{\"134233117\":false,\"134233118\":false,\"201341983\":0,\"335551550\":6,\"335551620\":6,\"335559738\":0,\"335559739\":0,\"335559740\":259}\"> <\/span><\/h3>\n<p><span data-ccp-props=\"{\"134233117\":false,\"134233118\":false,\"201341983\":0,\"335551550\":6,\"335551620\":6,\"335559738\":0,\"335559739\":0,\"335559740\":259}\"> <\/span><\/p>\n<p style=\"text-align: justify;\">A Arrova.cat, valorem la vostra participaci\u00f3 activa en el proc\u00e9s creatiu. Creiem que ning\u00fa no coneix la teva marca millor que tu, i treballem estretament amb tu per incorporar les teves idees i visi\u00f3 en el disseny de logotips final. El teu feedback \u00e9s fonamental, i som aqu\u00ed per assegurar-nos que cada detall reflecteixi la teva marca de manera aut\u00e8ntica.  <\/p>\n<p style=\"text-align: justify;\"><span data-ccp-props=\"{\"134233117\":false,\"134233118\":false,\"201341983\":0,\"335551550\":6,\"335551620\":6,\"335559738\":0,\"335559739\":0,\"335559740\":259}\"> <\/span><\/p>\n<p style=\"text-align: justify;\"><span data-contrast=\"none\">Creiem que la teva participaci\u00f3 activa en el proc\u00e9s <\/span><span data-contrast=\"none\">\u00e9s essencial. Ning\u00fa no coneix la teva marca millor que tu, i valorem les teves aportacions i feedback a cada etapa del proc\u00e9s. Volem assegurar-nos que el teu disseny de logotips personalitzat sigui una representaci\u00f3 fidel de la teva visi\u00f3 i els teus valors.  <\/span><span data-ccp-props=\"{\"134233117\":false,\"134233118\":false,\"201341983\":0,\"335551550\":6,\"335551620\":6,\"335559738\":0,\"335559739\":0,\"335559740\":259}\"> <\/span><\/p>\n<h2><span data-contrast=\"none\"> <\/span><span data-ccp-props=\"{\"134233117\":false,\"134233118\":false,\"201341983\":0,\"335551550\":6,\"335551620\":6,\"335559738\":0,\"335559739\":0,\"335559740\":259}\"> <\/span><\/h2>\n<h2 style=\"text-align: left;\"><b><span data-contrast=\"none\">Beneficis d'Elegir a Arrova.cat , Les vostres Necessitats de Disseny de Logotips<\/span><\/b><span data-ccp-props=\"{\"134233117\":false,\"134233118\":false,\"201341983\":0,\"335551550\":6,\"335551620\":6,\"335559738\":0,\"335559739\":0,\"335559740\":259}\"> <\/span><\/h2>\n<p><span data-ccp-props=\"{\"134233117\":false,\"134233118\":false,\"201341983\":0,\"335551550\":6,\"335551620\":6,\"335559738\":0,\"335559739\":0,\"335559740\":259}\"> <\/span><\/p>\n<ul>\n<li data-leveltext=\"\uf0b7\" data-font=\"Symbol\" data-listid=\"3\" data-list-defn-props=\"{\"335552541\":1,\"335559684\":-2,\"335559685\":720,\"335559991\":360,\"469769226\":\"Symbol\",\"469769242\":[8226],\"469777803\":\"left\",\"469777804\":\"\uf0b7\",\"469777815\":\"hybridMultilevel\"}\" aria-setsize=\"-1\" data-aria-posinset=\"1\" data-aria-level=\"1\" style=\"text-align: justify;\"><b><span data-contrast=\"none\">Dissenys de Logotips a Mida<\/span><\/b> <span data-contrast=\"none\">: Els nostres<\/span> dissenyadors s\u00f3n mestres en la creaci\u00f3 a mida, dissenyats espec\u00edficament per destacar la singularitat de la teva marca.<\/li>\n<li data-leveltext=\"\uf0b7\" data-font=\"Symbol\" data-listid=\"3\" data-list-defn-props=\"{\"335552541\":1,\"335559684\":-2,\"335559685\":720,\"335559991\":360,\"469769226\":\"Symbol\",\"469769242\":[8226],\"469777803\":\"left\",\"469777804\":\"\uf0b7\",\"469777815\":\"hybridMultilevel\"}\" aria-setsize=\"-1\" data-aria-posinset=\"2\" data-aria-level=\"1\" style=\"text-align: justify;\"><b><span data-contrast=\"none\">Capturant l'Ess\u00e8ncia del teu Negoci<\/span><\/b> <span data-contrast=\"none\">: Comprenem la import\u00e0ncia de capturar la veritable ess\u00e8ncia de la teva empresa al teu<\/span> logotip.<\/li>\n<li data-leveltext=\"\uf0b7\" data-font=\"Symbol\" data-listid=\"3\" data-list-defn-props=\"{\"335552541\":1,\"335559684\":-2,\"335559685\":720,\"335559991\":360,\"469769226\":\"Symbol\",\"469769242\":[8226],\"469777803\":\"left\",\"469777804\":\"\uf0b7\",\"469777815\":\"hybridMultilevel\"}\" aria-setsize=\"-1\" data-aria-posinset=\"3\" data-aria-level=\"1\" style=\"text-align: justify;\"><b><span data-contrast=\"none\">Professionalisme i Innovaci\u00f3:<\/span><\/b> <span data-contrast=\"none\">La nostra experi\u00e8ncia i enfocament innovador garanteixen que la teva marca<\/span> <span data-contrast=\"none\">es destaqui al mercat gr\u00e0cies a les nostres creacions \u00faniques.<\/span><\/li>\n<li data-leveltext=\"\uf0b7\" data-font=\"Symbol\" data-listid=\"3\" data-list-defn-props=\"{\"335552541\":1,\"335559684\":-2,\"335559685\":720,\"335559991\":360,\"469769226\":\"Symbol\",\"469769242\":[8226],\"469777803\":\"left\",\"469777804\":\"\uf0b7\",\"469777815\":\"hybridMultilevel\"}\" aria-setsize=\"-1\" data-aria-posinset=\"4\" data-aria-level=\"1\" style=\"text-align: justify;\"><b><span data-contrast=\"none\">Efectivitat Garantida<\/span><\/b> <span data-contrast=\"none\">: Apliquem els teus valors centrals amb qu\u00e8 t'assegurar\u00e0s que aquest<\/span> <span data-contrast=\"none\">sigui efectiu i memorable.<\/span><span data-ccp-props=\"{\"134233117\":false,\"134233118\":false,\"201341983\":1,\"335551550\":6,\"335551620\":6,\"335559738\":0,\"335559739\":0,\"335559740\":390}\"> <\/span><\/li>\n<\/ul>\n<p><span data-contrast=\"none\"> <\/span><span data-ccp-props=\"{\"134233117\":false,\"134233118\":false,\"201341983\":0,\"335551550\":6,\"335551620\":6,\"335559738\":0,\"335559739\":0,\"335559740\":259}\"> <\/span><\/p>\n<p>&nbsp;<\/p>\n<h2 style=\"text-align: left;\"><b><span data-contrast=\"none\">Preparat? Vols transformar la identitat de la teva marca amb un disseny de logotips personalitzat? <\/span><\/b><span data-ccp-props=\"{\"134233117\":false,\"134233118\":false,\"201341983\":0,\"335551550\":6,\"335551620\":6,\"335559738\":0,\"335559739\":0,\"335559740\":259}\"> <\/span><\/h2>\n<p><span data-ccp-props=\"{\"134233117\":false,\"134233118\":false,\"201341983\":0,\"335551550\":6,\"335551620\":6,\"335559738\":0,\"335559739\":0,\"335559740\":259}\"><\/span><\/p>\n<p><span data-ccp-props=\"{\"134233117\":false,\"134233118\":false,\"201341983\":0,\"335551550\":6,\"335551620\":6,\"335559738\":0,\"335559739\":0,\"335559740\":259}\"><\/span><\/p>\n<p style=\"text-align: justify;\">Si est\u00e0s decidit a portar la teva marca al seg\u00fcent nivell mitjan\u00e7ant un logotip \u00fanic, ens encantaria con\u00e8ixer m\u00e9s sobre el teu projecte. Comparteix alguns detalls i estarem encantats de contactar-te, junts explorarem com podem materialitzar la teva visi\u00f3 i potenciar la teva marca mitjan\u00e7ant un disseny de logotips excepcional. <\/p>\n<p>&nbsp;<\/p>\n<p>&nbsp;<\/p>\n<h3><b><span data-contrast=\"none\">Serveis Complementaris per Impulsar la teva Marca<\/span><\/b><span data-ccp-props=\"{\"134233117\":false,\"134233118\":false,\"201341983\":0,\"335551550\":6,\"335551620\":6,\"335559738\":0,\"335559739\":0,\"335559740\":259}\"> <\/span><\/h3>\n<p><span data-ccp-props=\"{\"134233117\":false,\"134233118\":false,\"201341983\":0,\"335551550\":6,\"335551620\":6,\"335559738\":0,\"335559739\":0,\"335559740\":259}\"> <\/span><\/p>\n<p style=\"text-align: justify;\">No som nom\u00e9s experts en disseny de logotips, sin\u00f3 que tamb\u00e9 oferim una \u00e0mplia gamma de serveis amb els quals podr\u00e0s enfortir la teva marca. Des de fotografia de productes fins a v\u00eddeos corporatius, estem compromesos a ser el vostre soci estrat\u00e8gic en la construcci\u00f3 d'una identitat de marca s\u00f2lida i reeixida. <\/p>\n<h3><\/h3>\n<p>&nbsp;<\/p>\n<\/div><\/div><div class=\"et_pb_text_3 et_pb_text et_pb_bg_layout_light et_pb_module et_block_module et_pb_text_align_justified preset--module--divi-text--default\"><div class=\"et_pb_text_inner\"><h3><strong>Serveis relacionats:<\/strong><\/h3>\n<\/div><\/div><\/div><\/div><div class=\"et_pb_row_3 et_pb_row et_pb_row_4col et_block_row et_block_row_4col\"><div class=\"et_pb_column_4 et_pb_column et_pb_column_1_4 et_block_column et_pb_css_mix_blend_mode_passthrough\"><div class=\"et_pb_blurb_0 et_pb_blurb et_pb_bg_layout_light et_pb_text_align_center et_pb_blurb_position_top et_pb_module et_block_module\"><div class=\"et_pb_blurb_content\"><div class=\"et_pb_main_blurb_image\"><a href=\"https:\/\/www.arrova.dev\/ca\/dissen-grafic\/targetes-de-visita\/\"><span class=\"et_pb_image_wrap\"><span class=\"et-pb-icon et_animated et_animated\">\ue107<\/span><\/span><\/a><\/div><div class=\"et_pb_blurb_container\"><h4 class=\"et_pb_module_header\"><a href=\"https:\/\/www.arrova.dev\/ca\/dissen-grafic\/targetes-de-visita\/\">Targeta de visita<\/a><\/h4><\/div><\/div><\/div><\/div><div class=\"et_pb_column_5 et_pb_column et_pb_column_1_4 et_block_column et_pb_css_mix_blend_mode_passthrough\"><div class=\"et_pb_blurb_1 et_pb_blurb et_pb_bg_layout_light et_pb_text_align_center et_pb_blurb_position_top et_pb_module et_block_module\"><div class=\"et_pb_blurb_content\"><div class=\"et_pb_main_blurb_image\"><a href=\"https:\/\/www.arrova.dev\/ca\/serveis\/sobres-corporatius\/\"><span class=\"et_pb_image_wrap\"><span class=\"et-pb-icon et_animated et_animated\">\ue010<\/span><\/span><\/a><\/div><div class=\"et_pb_blurb_container\"><h4 class=\"et_pb_module_header\"><a href=\"https:\/\/www.arrova.dev\/ca\/serveis\/sobres-corporatius\/\">Sobres corporatius<\/a><\/h4><\/div><\/div><\/div><\/div><div class=\"et_pb_column_6 et_pb_column et_pb_column_1_4 et_block_column et_pb_css_mix_blend_mode_passthrough\"><div class=\"et_pb_blurb_2 et_pb_blurb et_pb_bg_layout_light et_pb_text_align_center et_pb_blurb_position_top et_pb_module et_block_module\"><div class=\"et_pb_blurb_content\"><div class=\"et_pb_main_blurb_image\"><a href=\"https:\/\/www.arrova.dev\/ca\/serveis\/cataleg\/\"><span class=\"et_pb_image_wrap\"><span class=\"et-pb-icon et_animated et_animated\">\ue022<\/span><\/span><\/a><\/div><div class=\"et_pb_blurb_container\"><h4 class=\"et_pb_module_header\"><a href=\"https:\/\/www.arrova.dev\/ca\/serveis\/cataleg\/\">Cat\u00e0leg<\/a><\/h4><\/div><\/div><\/div><\/div><div class=\"et_pb_column_7 et_pb_column et_pb_column_1_4 et-last-child et_block_column et_pb_css_mix_blend_mode_passthrough\"><div class=\"et_pb_blurb_3 et_pb_blurb et_pb_bg_layout_light et_pb_text_align_center et_pb_blurb_position_top et_pb_module et_block_module\"><div class=\"et_pb_blurb_content\"><div class=\"et_pb_main_blurb_image\"><a href=\"https:\/\/www.arrova.dev\/ca\/serveis\/full-de-carta\/\"><span class=\"et_pb_image_wrap\"><span class=\"et-pb-icon et_animated et_animated\">h<\/span><\/span><\/a><\/div><div class=\"et_pb_blurb_container\"><h4 class=\"et_pb_module_header\"><a href=\"https:\/\/www.arrova.dev\/ca\/serveis\/full-de-carta\/\">Full de carta<\/a><\/h4><\/div><\/div><\/div><\/div><\/div><\/div>","protected":false},"excerpt":{"rendered":"","protected":false},"author":2,"featured_media":0,"parent":2128,"menu_order":0,"comment_status":"closed","ping_status":"closed","template":"","meta":{"footnotes":""},"class_list":["post-1964","page","type-page","status-publish","hentry"],"_links":{"self":[{"href":"https:\/\/www.arrova.dev\/ca\/wp-json\/wp\/v2\/pages\/1964","targetHints":{"allow":["GET"]}}],"collection":[{"href":"https:\/\/www.arrova.dev\/ca\/wp-json\/wp\/v2\/pages"}],"about":[{"href":"https:\/\/www.arrova.dev\/ca\/wp-json\/wp\/v2\/types\/page"}],"author":[{"embeddable":true,"href":"https:\/\/www.arrova.dev\/ca\/wp-json\/wp\/v2\/users\/2"}],"replies":[{"embeddable":true,"href":"https:\/\/www.arrova.dev\/ca\/wp-json\/wp\/v2\/comments?post=1964"}],"version-history":[{"count":19,"href":"https:\/\/www.arrova.dev\/ca\/wp-json\/wp\/v2\/pages\/1964\/revisions"}],"predecessor-version":[{"id":6459,"href":"https:\/\/www.arrova.dev\/ca\/wp-json\/wp\/v2\/pages\/1964\/revisions\/6459"}],"up":[{"embeddable":true,"href":"https:\/\/www.arrova.dev\/ca\/wp-json\/wp\/v2\/pages\/2128"}],"wp:attachment":[{"href":"https:\/\/www.arrova.dev\/ca\/wp-json\/wp\/v2\/media?parent=1964"}],"curies":[{"name":"wp","href":"https:\/\/api.w.org\/{rel}","templated":true}]}}