{"id":1968,"date":"2024-07-31T12:46:27","date_gmt":"2024-07-31T10:46:27","guid":{"rendered":"https:\/\/www.arrova.dev\/?page_id=1968"},"modified":"2026-04-22T17:07:52","modified_gmt":"2026-04-22T15:07:52","slug":"targetes-de-visita","status":"publish","type":"page","link":"https:\/\/www.arrova.dev\/ca\/dissen-grafic\/targetes-de-visita\/","title":{"rendered":"Targetes de visita"},"content":{"rendered":"\n<div class=\"et_pb_section_0 et_pb_section et_section_regular et_block_section et_pb_section_parallax header-section-p\"><span class=\"et-pb-parallax-wrapper\"><span class=\"et-pb-parallax-background et-pb-parallax-background-module--divi-section-0\" style=\"background-image:url(https:\/\/www.arrova.dev\/wp-content\/uploads\/2021\/12\/textura2.png)\"><\/span><\/span><div class=\"et_pb_row_0 et_pb_row et_block_row\"><div class=\"et_pb_column_0 et_pb_column et_pb_column_1_2 et_block_column et_pb_css_mix_blend_mode_passthrough\"><div class=\"et_pb_text_0 et_pb_text et_pb_bg_layout_dark et_pb_module et_block_module preset--module--divi-text--default\"><div class=\"et_pb_text_inner\"><h1>Targetes de visita<\/h1>\n<\/div><\/div><div class=\"et_pb_text_1 et_pb_text et_pb_bg_layout_dark et_pb_module et_block_module preset--module--divi-text--default\"><div class=\"et_pb_text_inner\"><h2><b><span data-contrast=\"none\">Targetes de visita: La teva Primera Impressi\u00f3 Professional<\/span><\/b><span data-contrast=\"none\"> <\/span><span data-ccp-props=\"{\"134233117\":false,\"134233118\":false,\"201341983\":0,\"335551550\":6,\"335551620\":6,\"335559738\":0,\"335559739\":0,\"335559740\":259}\"> <\/span><\/h2>\n<p><b><span data-contrast=\"none\">Oferim un disseny excepcional de targetes de visita.<\/span><\/b><span data-ccp-props=\"{\"134233117\":false,\"134233118\":false,\"201341983\":0,\"335551550\":6,\"335551620\":6,\"335559738\":0,\"335559739\":0,\"335559740\":259}\"> <\/span><\/p>\n<p>  A Arrova.cat, ens especialitzem en el disseny excepcional de targetes de visita que deixen una impressi\u00f3 duradora. Sabem que la primera impressi\u00f3 compta. Aquestes estan dissenyades per destacar i reflectir la qualitat i el professionalisme del teu negoci. Un servei professional de Fotografia i V\u00eddeo que elevar\u00e0 la vostra pres\u00e8ncia en l\u00ednia d'una manera \u00fanica. Encara que al m\u00f3n actual les targetes de visita poden semblar obsoletes, tenen un gran potencial per destacar el teu negoci i establir connexions efectives.      <\/p>\n<\/div><\/div><div class=\"et_pb_module et_pb_button_module_wrapper et_pb_button_0_wrapper\"><a class=\"et_pb_button_0 et_pb_button et_pb_bg_layout_light et_pb_module et_block_module\" href=\"#contact-footer-title-row\" data-icon=\"5\">Contacta amb nosaltres<\/a><\/div><\/div><div class=\"et_pb_column_1 et_pb_column et_pb_column_1_2 et-last-child et_block_column et_pb_css_mix_blend_mode_passthrough\"><div class=\"et_pb_image_0 et_pb_image et_animated et_pb_module et_block_module\"><span class=\"et_pb_image_wrap\"><img loading=\"lazy\" decoding=\"async\" src=\"https:\/\/www.arrova.dev\/wp-content\/uploads\/2024\/02\/landing_page.png\" width=\"1000\" height=\"761\" srcset=\"https:\/\/www.arrova.dev\/wp-content\/uploads\/2024\/02\/landing_page.png 1000w, https:\/\/www.arrova.dev\/wp-content\/uploads\/2024\/02\/landing_page-980x746.png 980w, https:\/\/www.arrova.dev\/wp-content\/uploads\/2024\/02\/landing_page-480x365.png 480w\" sizes=\"(min-width: 0px) and (max-width: 480px) 480px, (min-width: 481px) and (max-width: 980px) 980px, (min-width: 981px) 1000px, 100vw\" class=\"wp-image-3337\" title=\"landing_page\" \/><\/span><\/div><\/div><\/div><div class=\"et_pb_row_1 et_pb_row et_block_row\"><div class=\"et_pb_column_2 et_pb_column et_pb_column_4_4 et-last-child et_block_column et_pb_css_mix_blend_mode_passthrough\"><div class=\"et_pb_image_1 et_pb_image et_pb_image_sticky et_pb_module et_block_module\"><span class=\"et_pb_image_wrap\"><img loading=\"lazy\" decoding=\"async\" src=\"https:\/\/www.arrova.dev\/wp-content\/uploads\/2020\/06\/cyber-security-05.png\" width=\"2560\" height=\"1043\" srcset=\"https:\/\/www.arrova.dev\/wp-content\/uploads\/2020\/06\/cyber-security-05.png 2560w, https:\/\/www.arrova.dev\/wp-content\/uploads\/2020\/06\/cyber-security-05-1280x522.png 1280w, https:\/\/www.arrova.dev\/wp-content\/uploads\/2020\/06\/cyber-security-05-980x399.png 980w, https:\/\/www.arrova.dev\/wp-content\/uploads\/2020\/06\/cyber-security-05-480x196.png 480w\" sizes=\"(min-width: 0px) and (max-width: 480px) 480px, (min-width: 481px) and (max-width: 980px) 980px, (min-width: 981px) and (max-width: 1280px) 1280px, (min-width: 1281px) 2560px, 100vw\" class=\"wp-image-100\" \/><\/span><\/div><\/div><\/div><\/div><div class=\"et_pb_section_1 et_pb_section et_section_regular et_block_section\"><div class=\"et_pb_row_2 et_pb_row et_block_row\"><div class=\"et_pb_column_3 et_pb_column et_pb_column_4_4 et-last-child et_block_column et_pb_css_mix_blend_mode_passthrough\"><div class=\"et_pb_text_2 et_pb_text et_pb_bg_layout_light et_pb_module et_block_module et_pb_text_align_justified preset--module--divi-text--default\"><div class=\"et_pb_text_inner\"><h2 style=\"text-align: left;\"><b><span data-contrast=\"none\">La import\u00e0ncia de les targetes de visita aut\u00e8ntiques<\/span><\/b><span data-contrast=\"none\"> <\/span><span data-ccp-props=\"{\"134233117\":false,\"134233118\":false,\"201341983\":0,\"335551550\":6,\"335551620\":6,\"335559738\":0,\"335559739\":0,\"335559740\":259}\"> <\/span><\/h2>\n<p><span data-ccp-props=\"{\"134233117\":false,\"134233118\":false,\"201341983\":0,\"335551550\":6,\"335551620\":6,\"335559738\":0,\"335559739\":0,\"335559740\":259}\"><\/span><\/p>\n<p>Les targetes de visita s\u00f3n una eina valuosa per causar una excel\u00b7lent primera impressi\u00f3 de la teva empresa, sempre que es dissenyin de manera aut\u00e8ntica. S\u00f3n la clau per iniciar converses efectives a qualsevol trobada amb possibles col\u00b7laboradors. <\/p>\n<p><span data-ccp-props=\"{\"134233117\":false,\"134233118\":false,\"201341983\":0,\"335551550\":6,\"335551620\":6,\"335559738\":0,\"335559739\":0,\"335559740\":259}\"> <\/span><\/p>\n<h2 style=\"text-align: left;\"><b><span data-contrast=\"none\">Per qu\u00e8 hauries de triar el nostre disseny de targetes de visita?<\/span><\/b><span data-ccp-props=\"{\"134233117\":false,\"134233118\":false,\"201341983\":0,\"335551550\":6,\"335551620\":6,\"335559738\":0,\"335559739\":0,\"335559740\":259}\"> <\/span><\/h2>\n<p><span data-ccp-props=\"{\"134233117\":false,\"134233118\":false,\"201341983\":0,\"335551550\":6,\"335551620\":6,\"335559738\":0,\"335559739\":0,\"335559740\":259}\"><\/span><\/p>\n<p><span data-ccp-props=\"{\"134233117\":false,\"134233118\":false,\"201341983\":0,\"335551550\":6,\"335551620\":6,\"335559738\":0,\"335559739\":0,\"335559740\":259}\"><\/span><\/p>\n<p>A Arrova.cat comprenem la import\u00e0ncia de les targetes de visita en la creaci\u00f3 d'una impressi\u00f3 professional i duradora. Aqu\u00ed us expliquem per qu\u00e8 hauries de considerar els nostres serveis de disseny en aquestes. <\/p>\n<p><span data-ccp-props=\"{\"134233117\":false,\"134233118\":false,\"201341983\":0,\"335551550\":6,\"335551620\":6,\"335559738\":0,\"335559739\":0,\"335559740\":259}\"> <\/span><\/p>\n<p><b><span data-contrast=\"none\">Creativitat i Originalitat<\/span><\/b><span data-ccp-props=\"{\"134233117\":false,\"134233118\":false,\"201341983\":0,\"335551550\":6,\"335551620\":6,\"335559738\":0,\"335559739\":0,\"335559740\":259}\"> <\/span><\/p>\n<p><span data-contrast=\"none\">El nostre equip de dissenyadors altament creatius es dedica a crear targetes de visita \u00faniques i originals. Cada disseny s'adapta a les necessitats espec\u00edfiques i reflecteix la personalitat del teu negoci. <\/span><span data-ccp-props=\"{\"134233117\":false,\"134233118\":false,\"201341983\":0,\"335551550\":6,\"335551620\":6,\"335559738\":0,\"335559739\":0,\"335559740\":259}\"> <\/span><\/p>\n<p><span data-ccp-props=\"{\"134233117\":false,\"134233118\":false,\"201341983\":0,\"335551550\":6,\"335551620\":6,\"335559738\":0,\"335559739\":0,\"335559740\":259}\"> <\/span><\/p>\n<p><b><span data-contrast=\"none\">Impressions Professionals amb Les nostres Targetes de Visita<\/span><\/b><span data-contrast=\"none\"> <\/span><span data-ccp-props=\"{\"134233117\":false,\"134233118\":false,\"201341983\":0,\"335551550\":6,\"335551620\":6,\"335559738\":0,\"335559739\":0,\"335559740\":259}\"> <\/span><\/p>\n<p><span data-contrast=\"none\">Aquestes estan dissenyades per impressionar. Sabem que la primera impressi\u00f3 compta, aquestes destaquen pel disseny professional i atractiu. Confiar en nosaltres significa que la teva empresa ser\u00e0 recordada per les targetes memorables de qualitat.  <\/span><\/p>\n<p><span data-ccp-props=\"{\"134233117\":false,\"134233118\":false,\"201341983\":0,\"335551550\":6,\"335551620\":6,\"335559738\":0,\"335559739\":0,\"335559740\":259}\"> <\/span><\/p>\n<p><b><span data-contrast=\"none\">Personalitzaci\u00f3 per a la teva marca<\/span><\/b><span data-contrast=\"none\"> <\/span><span data-ccp-props=\"{\"134233117\":false,\"134233118\":false,\"201341983\":0,\"335551550\":6,\"335551620\":6,\"335559738\":0,\"335559739\":0,\"335559740\":259}\"> <\/span><\/p>\n<p><span data-contrast=\"none\">Entenem que cada empresa \u00e9s \u00fanica. Per aix\u00f2, personalitzem cadascuna d'aquestes <\/span><span data-contrast=\"none\">  perqu\u00e8 reflecteixin l'ess\u00e8ncia i els valors de la marca. Cada detall, des del disseny fins a l'elecci\u00f3 de colors i la tipografia, s'adapta a la teva identitat corporativa. <\/span><span data-contrast=\"none\"> <\/span><span data-ccp-props=\"{\"134233117\":false,\"134233118\":false,\"201341983\":0,\"335551550\":6,\"335551620\":6,\"335559738\":0,\"335559739\":0,\"335559740\":259}\"> <\/span><\/p>\n<p><span data-ccp-props=\"{\"134233117\":false,\"134233118\":false,\"201341983\":0,\"335551550\":6,\"335551620\":6,\"335559738\":0,\"335559739\":0,\"335559740\":259}\"> <\/span><\/p>\n<h3 style=\"text-align: left;\"><b><span data-contrast=\"none\">La Import\u00e0ncia de la Personalitzaci\u00f3<\/span><\/b><span data-ccp-props=\"{\"134233117\":false,\"134233118\":false,\"201341983\":0,\"335551550\":6,\"335551620\":6,\"335559738\":0,\"335559739\":0,\"335559740\":259}\"> <\/span><\/h3>\n<p><span data-ccp-props=\"{\"134233117\":false,\"134233118\":false,\"201341983\":0,\"335551550\":6,\"335551620\":6,\"335559738\":0,\"335559739\":0,\"335559740\":259}\"><\/span><\/p>\n<p><b><span data-contrast=\"none\">Impacte Visual<\/span><\/b><span data-contrast=\"none\">: Aquestes estan dissenyades per causar un impacte visual immediat. Utilitzem colors, tipografies i elements visuals que s'alineen amb l'est\u00e8tica de la teva marca, cosa que garanteix que cada targeta sigui \u00fanica i memorable. <\/span><span data-ccp-props=\"{\"134233117\":false,\"134233118\":false,\"201341983\":0,\"335551550\":6,\"335551620\":6,\"335559738\":0,\"335559739\":0,\"335559740\":259}\"> <\/span><\/p>\n<p><span data-ccp-props=\"{\"134233117\":false,\"134233118\":false,\"201341983\":0,\"335551550\":6,\"335551620\":6,\"335559738\":0,\"335559739\":0,\"335559740\":259}\"> <\/span><\/p>\n<p><b><span data-contrast=\"none\">Reconeixement de Marca<\/span><\/b><span data-contrast=\"none\">: La personalitzaci\u00f3 va m\u00e9s enll\u00e0 del disseny visual. Creem targetes que incorporen el vostre logotip, colors i elements d'identitat de marca de manera cohesiva. Aix\u00f2 enforteix el reconeixement de la teva marca i ajuda que el teu negoci es destaqui a la ment dels teus clients.  <\/span><span data-ccp-props=\"{\"134233117\":false,\"134233118\":false,\"201341983\":0,\"335551550\":6,\"335551620\":6,\"335559738\":0,\"335559739\":0,\"335559740\":259}\"> <\/span><\/p>\n<p><span data-ccp-props=\"{\"134233117\":false,\"134233118\":false,\"201341983\":0,\"335551550\":6,\"335551620\":6,\"335559738\":0,\"335559739\":0,\"335559740\":259}\"> <\/span><\/p>\n<p><b><span data-contrast=\"none\">Missatge Clar<\/span><\/b><span data-contrast=\"none\">: Cada fitxa personalitzada porta un missatge clar i efectiu. Treballem amb tu per definir la informaci\u00f3 essencial que hi ha d'apar\u00e8ixer i com comunicar-la de manera concisa i atractiva. <\/span><span data-ccp-props=\"{\"134233117\":false,\"134233118\":false,\"201341983\":0,\"335551550\":6,\"335551620\":6,\"335559738\":0,\"335559739\":0,\"335559740\":259}\"> <\/span><\/p>\n<p><span data-ccp-props=\"{\"134233117\":false,\"134233118\":false,\"201341983\":0,\"335551550\":6,\"335551620\":6,\"335559738\":0,\"335559739\":0,\"335559740\":259}\"> <\/span><\/p>\n<p><b><span data-contrast=\"none\">Flexibilitat<\/span><\/b><span data-contrast=\"none\">: Entenem que les necessitats del teu negoci poden canviar amb el temps. Les nostres targetes de visita personalitzades estan dissenyades amb la flexibilitat al cap, cosa que facilita l'actualitzaci\u00f3 d'informaci\u00f3 quan sigui necessari sense comprometre la coher\u00e8ncia de la marca. <\/span><span data-ccp-props=\"{\"134233117\":false,\"134233118\":false,\"201341983\":0,\"335551550\":6,\"335551620\":6,\"335559738\":0,\"335559739\":0,\"335559740\":259}\"> <\/span><\/p>\n<p><span data-ccp-props=\"{\"134233117\":false,\"134233118\":false,\"201341983\":0,\"335551550\":6,\"335551620\":6,\"335559738\":0,\"335559739\":0,\"335559740\":259}\"> <\/span><\/p>\n<p><b><span data-contrast=\"none\">Exclusivitat<\/span><\/b><span data-contrast=\"none\">: El teu negoci \u00e9s \u00fanic, i creiem que les teves targetes de visita ho han de ser tamb\u00e9. Les nostres fitxes personalitzades s\u00f3n exclusives per a tu i no es fan servir plantilles gen\u00e8riques. Aix\u00f2 garanteix que la teva marca es destaqui a un mercat competitiu.  <\/span><span data-ccp-props=\"{\"134233117\":false,\"134233118\":false,\"201341983\":0,\"335551550\":6,\"335551620\":6,\"335559738\":0,\"335559739\":0,\"335559740\":259}\"> <\/span><\/p>\n<p><span data-ccp-props=\"{\"134233117\":false,\"134233118\":false,\"201341983\":0,\"335551550\":6,\"335551620\":6,\"335559738\":0,\"335559739\":0,\"335559740\":259}\"> <\/span><\/p>\n<p><b><span data-contrast=\"none\">Facilitem la Comunicaci\u00f3<\/span><\/b><span data-contrast=\"none\"> <\/span><span data-ccp-props=\"{\"134233117\":false,\"134233118\":false,\"201341983\":0,\"335551550\":6,\"335551620\":6,\"335559738\":0,\"335559739\":0,\"335559740\":259}\"> <\/span><\/p>\n<p><span data-contrast=\"none\">Aquestes no nom\u00e9s s\u00f3n una targeta, s\u00f3n una eina de comunicaci\u00f3 efectiva. En incloure informaci\u00f3 clau sobre el teu negoci, com ara el nom, el logotip, la ubicaci\u00f3 i els modes de contacte, facilitem la comunicaci\u00f3 i l'intercanvi d'informaci\u00f3. <\/span><span data-contrast=\"none\"> <\/span><span data-ccp-props=\"{\"134233117\":false,\"134233118\":false,\"201341983\":0,\"335551550\":6,\"335551620\":6,\"335559738\":0,\"335559739\":0,\"335559740\":259}\"> <\/span><\/p>\n<p><span data-ccp-props=\"{\"134233117\":false,\"134233118\":false,\"201341983\":0,\"335551550\":6,\"335551620\":6,\"335559738\":0,\"335559739\":0,\"335559740\":259}\"> <\/span><\/p>\n<p><b><span data-contrast=\"none\">Creativitat Il\u00b7limitada<\/span><\/b><span data-contrast=\"none\"> <\/span><span data-ccp-props=\"{\"134233117\":false,\"134233118\":false,\"201341983\":0,\"335551550\":6,\"335551620\":6,\"335559738\":0,\"335559739\":0,\"335559740\":259}\"> <\/span><\/p>\n<p>A Arrova.cat, encoratgem la creativitat. Si busques targetes de visita que es destaquin entre la compet\u00e8ncia, els nostres dissenyadors poden crear dissenys \u00fanics i atractius que us ajudaran a diferenciar-vos i causar una impressi\u00f3 memorable. <\/p>\n<p><span data-ccp-props=\"{\"134233117\":false,\"134233118\":false,\"201341983\":0,\"335551550\":6,\"335551620\":6,\"335559738\":0,\"335559739\":0,\"335559740\":259}\"> <\/span><\/p>\n<h3 style=\"text-align: left;\"><b><span data-contrast=\"none\">Eleva la teva pres\u00e8ncia empresarial amb les nostres targetes de visita<\/span><\/b><span data-contrast=\"none\"> <\/span><span data-ccp-props=\"{\"134233117\":false,\"134233118\":false,\"201341983\":0,\"335551550\":6,\"335551620\":6,\"335559738\":0,\"335559739\":0,\"335559740\":259}\"> <\/span><\/h3>\n<p><span data-ccp-props=\"{\"134233117\":false,\"134233118\":false,\"201341983\":0,\"335551550\":6,\"335551620\":6,\"335559738\":0,\"335559739\":0,\"335559740\":259}\"><\/span><\/p>\n<p><span data-ccp-props=\"{\"134233117\":false,\"134233118\":false,\"201341983\":0,\"335551550\":6,\"335551620\":6,\"335559738\":0,\"335559739\":0,\"335559740\":259}\"><\/span><\/p>\n<p><span data-contrast=\"none\">A punt per destacar amb les nostres targetes professionals i personalitzades? A Arrova.cat estem preparats per col\u00b7laborar amb tu i dissenyar targetes que reflecteixin l'excel\u00b7l\u00e8ncia del teu negoci. Contacta'ns ara i porta la teva pres\u00e8ncia empresarial al seg\u00fcent nivell amb les nostres solucions a mida!  <\/span><\/p>\n<\/div><\/div><div class=\"et_pb_text_3 et_pb_text et_pb_bg_layout_light et_pb_module et_block_module et_pb_text_align_justified preset--module--divi-text--default\"><\/div><\/div><\/div><\/div>\n","protected":false},"excerpt":{"rendered":"","protected":false},"author":2,"featured_media":0,"parent":2128,"menu_order":0,"comment_status":"closed","ping_status":"closed","template":"","meta":{"footnotes":""},"class_list":["post-1968","page","type-page","status-publish","hentry"],"_links":{"self":[{"href":"https:\/\/www.arrova.dev\/ca\/wp-json\/wp\/v2\/pages\/1968","targetHints":{"allow":["GET"]}}],"collection":[{"href":"https:\/\/www.arrova.dev\/ca\/wp-json\/wp\/v2\/pages"}],"about":[{"href":"https:\/\/www.arrova.dev\/ca\/wp-json\/wp\/v2\/types\/page"}],"author":[{"embeddable":true,"href":"https:\/\/www.arrova.dev\/ca\/wp-json\/wp\/v2\/users\/2"}],"replies":[{"embeddable":true,"href":"https:\/\/www.arrova.dev\/ca\/wp-json\/wp\/v2\/comments?post=1968"}],"version-history":[{"count":12,"href":"https:\/\/www.arrova.dev\/ca\/wp-json\/wp\/v2\/pages\/1968\/revisions"}],"predecessor-version":[{"id":6461,"href":"https:\/\/www.arrova.dev\/ca\/wp-json\/wp\/v2\/pages\/1968\/revisions\/6461"}],"up":[{"embeddable":true,"href":"https:\/\/www.arrova.dev\/ca\/wp-json\/wp\/v2\/pages\/2128"}],"wp:attachment":[{"href":"https:\/\/www.arrova.dev\/ca\/wp-json\/wp\/v2\/media?parent=1968"}],"curies":[{"name":"wp","href":"https:\/\/api.w.org\/{rel}","templated":true}]}}