{"id":2206,"date":"2024-07-31T12:21:31","date_gmt":"2024-07-31T10:21:31","guid":{"rendered":"https:\/\/www.arrova.dev\/?page_id=2206"},"modified":"2026-04-22T17:07:47","modified_gmt":"2026-04-22T15:07:47","slug":"contacte","status":"publish","type":"page","link":"https:\/\/www.arrova.dev\/ca\/contacte\/","title":{"rendered":"Contacte"},"content":{"rendered":"<div class=\"et_pb_section_0 et_pb_section et_section_regular et_block_section et_pb_section_parallax\"><span class=\"et-pb-parallax-wrapper\"><span class=\"et-pb-parallax-background et-pb-parallax-background-module--divi-section-0\" style=\"background-image:url(https:\/\/www.arrova.dev\/wp-content\/uploads\/2021\/12\/textura2.png)\"><\/span><\/span><div class=\"et_pb_row_0 et_pb_row et_block_row\"><div class=\"et_pb_column_0 et_pb_column et_pb_column_1_2 et_block_column et_pb_css_mix_blend_mode_passthrough\"><div class=\"et_pb_text_0 et_pb_text et_pb_bg_layout_dark et_pb_module et_block_module preset--module--divi-text--default\"><div class=\"et_pb_text_inner\"><h1>Contacte<\/h1>\n<\/div><\/div><div class=\"et_pb_text_1 et_pb_text et_pb_bg_layout_dark et_pb_module et_block_module preset--module--divi-text--default\"><div class=\"et_pb_text_inner\"><p>  A punt per fer m\u00e0gia a la web? Tinguem una primera presa de contacte amb el teu projecte ara. Posem-nos mans a l'obra i parlem del teu projecte! Estem enfocats en tu, creem dissenys web \u00fanics i estrat\u00e8gies de m\u00e0rqueting en l\u00ednia que destaquen. Contacta'ns i convertim la teva visi\u00f3 en realitat digital!      <\/p>\n<\/div><\/div><div class=\"et_pb_module et_pb_button_module_wrapper et_pb_button_0_wrapper\"><a class=\"et_pb_button_0 et_pb_button et_pb_bg_layout_light et_pb_module et_block_module\" href=\"tel:\/\/931426297\" data-icon=\"5\">Tel: 93 142 62 97<\/a><\/div><\/div><div class=\"et_pb_column_1 et_pb_column et_pb_column_1_2 et-last-child et_block_column et_pb_css_mix_blend_mode_passthrough\"><div class=\"et_pb_image_0 et_pb_image et_pb_module et_block_module\"><span class=\"et_pb_image_wrap\"><img loading=\"lazy\" decoding=\"async\" src=\"https:\/\/www.arrova.dev\/wp-content\/uploads\/2024\/07\/contacto-4.png\" width=\"1551\" height=\"1550\" srcset=\"https:\/\/www.arrova.dev\/wp-content\/uploads\/2024\/07\/contacto-4.png 1551w, https:\/\/www.arrova.dev\/wp-content\/uploads\/2024\/07\/contacto-4-1280x1279.png 1280w, https:\/\/www.arrova.dev\/wp-content\/uploads\/2024\/07\/contacto-4-980x979.png 980w, https:\/\/www.arrova.dev\/wp-content\/uploads\/2024\/07\/contacto-4-480x480.png 480w\" sizes=\"(min-width: 0px) and (max-width: 480px) 480px, (min-width: 481px) and (max-width: 980px) 980px, (min-width: 981px) and (max-width: 1280px) 1280px, (min-width: 1281px) 1551px, 100vw\" class=\"wp-image-4133\" title=\"contacte\" \/><\/span><\/div><\/div><\/div><div class=\"et_pb_row_1 et_pb_row et_block_row\"><div class=\"et_pb_column_2 et_pb_column et_pb_column_4_4 et-last-child et_block_column et_pb_css_mix_blend_mode_passthrough\"><div class=\"et_pb_image_1 et_pb_image et_pb_image_sticky et_pb_module et_block_module\"><span class=\"et_pb_image_wrap\"><img loading=\"lazy\" decoding=\"async\" src=\"https:\/\/www.arrova.dev\/wp-content\/uploads\/2020\/06\/cyber-security-05.png\" width=\"2560\" height=\"1043\" srcset=\"https:\/\/www.arrova.dev\/wp-content\/uploads\/2020\/06\/cyber-security-05.png 2560w, https:\/\/www.arrova.dev\/wp-content\/uploads\/2020\/06\/cyber-security-05-1280x522.png 1280w, https:\/\/www.arrova.dev\/wp-content\/uploads\/2020\/06\/cyber-security-05-980x399.png 980w, https:\/\/www.arrova.dev\/wp-content\/uploads\/2020\/06\/cyber-security-05-480x196.png 480w\" sizes=\"(min-width: 0px) and (max-width: 480px) 480px, (min-width: 481px) and (max-width: 980px) 980px, (min-width: 981px) and (max-width: 1280px) 1280px, (min-width: 1281px) 2560px, 100vw\" class=\"wp-image-100\" \/><\/span><\/div><\/div><\/div><\/div><div class=\"et_pb_section_2 et_pb_section et_section_regular et_block_section\"><div class=\"et_pb_row_3 et_pb_row et_block_row\"><div class=\"et_pb_column_4 et_pb_column et_pb_column_1_3 et_block_column et_pb_css_mix_blend_mode_passthrough\"><div class=\"et_pb_blurb_0 et_pb_blurb et_pb_bg_layout_light et_pb_text_align_center et_pb_blurb_position_top et_pb_module et_block_module\"><div class=\"et_pb_blurb_content\"><div class=\"et_pb_main_blurb_image\"><span class=\"et_pb_image_wrap et_pb_only_image_mode_wrap\"><img loading=\"lazy\" decoding=\"async\" src=\"https:\/\/www.arrova.dev\/wp-content\/uploads\/2020\/06\/cyber-security-icon-34.png\" width=\"100\" height=\"100\" srcset=\"https:\/\/www.arrova.dev\/wp-content\/uploads\/2020\/06\/cyber-security-icon-34.png 100w\" sizes=\"(max-width: 100px) 100vw, 100px\" class=\"et_animated wp-image-128\" \/><\/span><\/div><div class=\"et_pb_blurb_container\"><h4 class=\"et_pb_module_header\">On som?<\/h4><div class=\"et_pb_blurb_description\"><p>C\/Girona 161 baixos<br \/> 08402 Granollers (BCN)<\/p>\n<\/div><\/div><\/div><\/div><\/div><div class=\"et_pb_column_5 et_pb_column et_pb_column_1_3 et_block_column et_pb_css_mix_blend_mode_passthrough\"><div class=\"et_pb_blurb_1 et_pb_blurb et_pb_bg_layout_light et_pb_text_align_center et_pb_blurb_position_top et_pb_module et_block_module\"><div class=\"et_pb_blurb_content\"><div class=\"et_pb_main_blurb_image\"><span class=\"et_pb_image_wrap et_pb_only_image_mode_wrap\"><img loading=\"lazy\" decoding=\"async\" src=\"https:\/\/www.arrova.dev\/wp-content\/uploads\/2020\/06\/cyber-security-icon-35.png\" width=\"100\" height=\"100\" srcset=\"https:\/\/www.arrova.dev\/wp-content\/uploads\/2020\/06\/cyber-security-icon-35.png 100w\" sizes=\"(max-width: 100px) 100vw, 100px\" class=\"et_animated wp-image-129\" \/><\/span><\/div><div class=\"et_pb_blurb_container\"><h4 class=\"et_pb_module_header\">Contacti&apos;ns<\/h4><div class=\"et_pb_blurb_description\"><p><a href=\"mailto:info@divisecurity.com\">info@arrova.cat<\/a><br \/> <a href=\"mailto:support@divisecurity.com\">soporte@arrova.cat<\/a><\/p>\n<p>93 142 62 97<\/p>\n<\/div><\/div><\/div><\/div><\/div><div class=\"et_pb_column_6 et_pb_column et_pb_column_1_3 et-last-child et_block_column et_pb_css_mix_blend_mode_passthrough\"><div class=\"et_pb_blurb_2 et_pb_blurb et_pb_bg_layout_light et_pb_text_align_center et_pb_blurb_position_top et_pb_module et_block_module\"><div class=\"et_pb_blurb_content\"><div class=\"et_pb_main_blurb_image\"><span class=\"et_pb_image_wrap et_pb_only_image_mode_wrap\"><img loading=\"lazy\" decoding=\"async\" src=\"https:\/\/www.arrova.dev\/wp-content\/uploads\/2020\/06\/cyber-security-icon-37.png\" width=\"100\" height=\"100\" srcset=\"https:\/\/www.arrova.dev\/wp-content\/uploads\/2020\/06\/cyber-security-icon-37.png 100w\" sizes=\"(max-width: 100px) 100vw, 100px\" class=\"et_animated wp-image-130\" \/><\/span><\/div><div class=\"et_pb_blurb_container\"><h4 class=\"et_pb_module_header\">Whatsapp<\/h4><div class=\"et_pb_blurb_description\"><p>615 96 10 24<\/p>\n<\/div><\/div><\/div><\/div><\/div><\/div><\/div>","protected":false},"excerpt":{"rendered":"","protected":false},"author":1,"featured_media":0,"parent":0,"menu_order":0,"comment_status":"closed","ping_status":"closed","template":"","meta":{"footnotes":""},"class_list":["post-2206","page","type-page","status-publish","hentry"],"_links":{"self":[{"href":"https:\/\/www.arrova.dev\/ca\/wp-json\/wp\/v2\/pages\/2206","targetHints":{"allow":["GET"]}}],"collection":[{"href":"https:\/\/www.arrova.dev\/ca\/wp-json\/wp\/v2\/pages"}],"about":[{"href":"https:\/\/www.arrova.dev\/ca\/wp-json\/wp\/v2\/types\/page"}],"author":[{"embeddable":true,"href":"https:\/\/www.arrova.dev\/ca\/wp-json\/wp\/v2\/users\/1"}],"replies":[{"embeddable":true,"href":"https:\/\/www.arrova.dev\/ca\/wp-json\/wp\/v2\/comments?post=2206"}],"version-history":[{"count":13,"href":"https:\/\/www.arrova.dev\/ca\/wp-json\/wp\/v2\/pages\/2206\/revisions"}],"predecessor-version":[{"id":6456,"href":"https:\/\/www.arrova.dev\/ca\/wp-json\/wp\/v2\/pages\/2206\/revisions\/6456"}],"wp:attachment":[{"href":"https:\/\/www.arrova.dev\/ca\/wp-json\/wp\/v2\/media?parent=2206"}],"curies":[{"name":"wp","href":"https:\/\/api.w.org\/{rel}","templated":true}]}}