{"id":4372,"date":"2024-07-31T12:53:08","date_gmt":"2024-07-31T10:53:08","guid":{"rendered":"https:\/\/www.arrova.dev\/cataleg\/"},"modified":"2026-04-22T17:07:55","modified_gmt":"2026-04-22T15:07:55","slug":"cataleg","status":"publish","type":"page","link":"https:\/\/www.arrova.dev\/ca\/serveis\/cataleg\/","title":{"rendered":"Cat\u00e0leg"},"content":{"rendered":"<div class=\"et_pb_section_0 et_pb_section et_section_regular et_block_section et_pb_section_parallax header-section-p\"><span class=\"et-pb-parallax-wrapper\"><span class=\"et-pb-parallax-background et-pb-parallax-background-module--divi-section-0\" style=\"background-image:url(https:\/\/www.arrova.dev\/wp-content\/uploads\/2021\/12\/textura2.png)\"><\/span><\/span><div class=\"et_pb_row_0 et_pb_row et_block_row\"><div class=\"et_pb_column_0 et_pb_column et_pb_column_1_2 et_block_column et_pb_css_mix_blend_mode_passthrough\"><div class=\"et_pb_text_0 et_pb_text et_pb_bg_layout_dark et_pb_module et_block_module preset--module--divi-text--default\"><div class=\"et_pb_text_inner\"><h1>Cat\u00e0leg<\/h1>\n<\/div><\/div><div class=\"et_pb_text_1 et_pb_text et_pb_bg_layout_dark et_pb_module et_block_module preset--module--divi-text--default\"><div class=\"et_pb_text_inner\"><p>Fes que el teu cat\u00e0leg destaqui amb el nostre disseny professional: atractiu, clar i perfecte per a la teva marca.<\/p>\n<\/div><\/div><div class=\"et_pb_module et_pb_button_module_wrapper et_pb_button_0_wrapper\"><a class=\"et_pb_button_0 et_pb_button et_pb_bg_layout_light et_pb_module et_block_module\" href=\"#contact-footer-title-row\" data-icon=\"5\">Contacta amb nosaltres<\/a><\/div><\/div><div class=\"et_pb_column_1 et_pb_column et_pb_column_1_2 et-last-child et_block_column et_pb_css_mix_blend_mode_passthrough\"><div class=\"et_pb_image_0 et_pb_image et_animated et_pb_module et_block_module\"><span class=\"et_pb_image_wrap\"><img loading=\"lazy\" decoding=\"async\" src=\"https:\/\/www.arrova.dev\/wp-content\/uploads\/2024\/07\/1107-1.png\" width=\"3000\" height=\"2250\" srcset=\"https:\/\/www.arrova.dev\/wp-content\/uploads\/2024\/07\/1107-1.png 3000w, https:\/\/www.arrova.dev\/wp-content\/uploads\/2024\/07\/1107-1-1280x960.png 1280w, https:\/\/www.arrova.dev\/wp-content\/uploads\/2024\/07\/1107-1-980x735.png 980w, https:\/\/www.arrova.dev\/wp-content\/uploads\/2024\/07\/1107-1-480x360.png 480w\" sizes=\"(min-width: 0px) and (max-width: 480px) 480px, (min-width: 481px) and (max-width: 980px) 980px, (min-width: 981px) and (max-width: 1280px) 1280px, (min-width: 1281px) 3000px, 100vw\" class=\"wp-image-4259\" title=\"1107\" \/><\/span><\/div><\/div><\/div><div class=\"et_pb_row_1 et_pb_row et_block_row\"><div class=\"et_pb_column_2 et_pb_column et_pb_column_4_4 et-last-child et_block_column et_pb_css_mix_blend_mode_passthrough\"><div class=\"et_pb_image_1 et_pb_image et_pb_image_sticky et_pb_module et_block_module\"><span class=\"et_pb_image_wrap\"><img loading=\"lazy\" decoding=\"async\" src=\"https:\/\/www.arrova.dev\/wp-content\/uploads\/2020\/06\/cyber-security-05.png\" width=\"2560\" height=\"1043\" srcset=\"https:\/\/www.arrova.dev\/wp-content\/uploads\/2020\/06\/cyber-security-05.png 2560w, https:\/\/www.arrova.dev\/wp-content\/uploads\/2020\/06\/cyber-security-05-1280x522.png 1280w, https:\/\/www.arrova.dev\/wp-content\/uploads\/2020\/06\/cyber-security-05-980x399.png 980w, https:\/\/www.arrova.dev\/wp-content\/uploads\/2020\/06\/cyber-security-05-480x196.png 480w\" sizes=\"(min-width: 0px) and (max-width: 480px) 480px, (min-width: 481px) and (max-width: 980px) 980px, (min-width: 981px) and (max-width: 1280px) 1280px, (min-width: 1281px) 2560px, 100vw\" class=\"wp-image-100\" \/><\/span><\/div><\/div><\/div><\/div><div class=\"et_pb_section_1 et_pb_section et_section_regular et_block_section\"><div class=\"et_pb_row_2 et_pb_row et_block_row\"><div class=\"et_pb_column_3 et_pb_column et_pb_column_4_4 et-last-child et_block_column et_pb_css_mix_blend_mode_passthrough\"><div class=\"et_pb_text_2 et_pb_text et_pb_bg_layout_light et_pb_module et_block_module et_pb_text_align_justified preset--module--divi-text--default\"><div class=\"et_pb_text_inner\"><h2>Disseny de Cat\u00e0leg<\/h2>\n<p>&nbsp;<\/p>\n<p>D\u00f3na vida al teu cat\u00e0leg amb un disseny professional i atractiu!<\/p>\n<p>Creem cat\u00e0legs que destaquen els teus productes o serveis de manera clara i captivadora. Amb el nostre enfocament, el teu cat\u00e0leg no nom\u00e9s informar\u00e0, sin\u00f3 que tamb\u00e9 atraur\u00e0 els teus clients potencials. Ja sigui per a vendes, presentacions o esdeveniments, cada detall est\u00e0 cuidat per reflectir la teva marca de forma efectiva. Descobreix com un disseny impactant pot fer tota la difer\u00e8ncia.   <\/p>\n<\/div><\/div><\/div><\/div><div class=\"et_pb_row_3 et_pb_row et_block_row\"><div class=\"et_pb_column_4 et_pb_column et_pb_column_4_4 et-last-child et_block_column et_pb_css_mix_blend_mode_passthrough\"><div class=\"et_pb_image_2 et_pb_image et_pb_module et_block_module\"><span class=\"et_pb_image_wrap\"><img loading=\"lazy\" decoding=\"async\" src=\"https:\/\/www.arrova.dev\/wp-content\/uploads\/2024\/07\/1107-1.png\" width=\"3000\" height=\"2250\" srcset=\"https:\/\/www.arrova.dev\/wp-content\/uploads\/2024\/07\/1107-1.png 3000w, https:\/\/www.arrova.dev\/wp-content\/uploads\/2024\/07\/1107-1-1280x960.png 1280w, https:\/\/www.arrova.dev\/wp-content\/uploads\/2024\/07\/1107-1-980x735.png 980w, https:\/\/www.arrova.dev\/wp-content\/uploads\/2024\/07\/1107-1-480x360.png 480w\" sizes=\"(min-width: 0px) and (max-width: 480px) 480px, (min-width: 481px) and (max-width: 980px) 980px, (min-width: 981px) and (max-width: 1280px) 1280px, (min-width: 1281px) 3000px, 100vw\" class=\"wp-image-4259\" title=\"1107\" \/><\/span><\/div><div class=\"et_pb_text_3 et_pb_text et_pb_bg_layout_light et_pb_module et_block_module et_pb_text_align_justified preset--module--divi-text--default\"><div class=\"et_pb_text_inner\"><h3><strong>Serveis relacionats:<\/strong><\/h3>\n<\/div><\/div><\/div><\/div><div class=\"et_pb_row_4 et_pb_row et_pb_row_4col et_block_row et_block_row_4col\"><div class=\"et_pb_column_5 et_pb_column et_pb_column_1_4 et_block_column et_pb_css_mix_blend_mode_passthrough\"><div class=\"et_pb_blurb_0 et_pb_blurb et_pb_bg_layout_light et_pb_text_align_center et_pb_blurb_position_top et_pb_module et_block_module\"><div class=\"et_pb_blurb_content\"><div class=\"et_pb_main_blurb_image\"><a href=\"https:\/\/www.arrova.dev\/ca\/serveis\/targeta-de-visita\/\"><span class=\"et_pb_image_wrap\"><span class=\"et-pb-icon et_animated et_animated\">\ue107<\/span><\/span><\/a><\/div><div class=\"et_pb_blurb_container\"><h4 class=\"et_pb_module_header\"><a href=\"https:\/\/www.arrova.dev\/ca\/serveis\/targeta-de-visita\/\">Targeta de visita<\/a><\/h4><\/div><\/div><\/div><\/div><div class=\"et_pb_column_6 et_pb_column et_pb_column_1_4 et_block_column et_pb_css_mix_blend_mode_passthrough\"><div class=\"et_pb_blurb_1 et_pb_blurb et_pb_bg_layout_light et_pb_text_align_center et_pb_blurb_position_top et_pb_module et_block_module\"><div class=\"et_pb_blurb_content\"><div class=\"et_pb_main_blurb_image\"><a href=\"https:\/\/www.arrova.dev\/ca\/serveis\/sobres-corporatius\/\"><span class=\"et_pb_image_wrap\"><span class=\"et-pb-icon et_animated et_animated\">\ue010<\/span><\/span><\/a><\/div><div class=\"et_pb_blurb_container\"><h4 class=\"et_pb_module_header\"><a href=\"https:\/\/www.arrova.dev\/ca\/serveis\/sobres-corporatius\/\">Sobres corporatius<\/a><\/h4><\/div><\/div><\/div><\/div><div class=\"et_pb_column_7 et_pb_column et_pb_column_1_4 et_block_column et_pb_css_mix_blend_mode_passthrough\"><div class=\"et_pb_blurb_2 et_pb_blurb et_pb_bg_layout_light et_pb_text_align_center et_pb_blurb_position_top et_pb_module et_block_module\"><div class=\"et_pb_blurb_content\"><div class=\"et_pb_main_blurb_image\"><a href=\"https:\/\/www.arrova.dev\/ca\/serveis\/triptics\/\"><span class=\"et_pb_image_wrap\"><span class=\"et-pb-icon et_animated et_animated\">\ue01f<\/span><\/span><\/a><\/div><div class=\"et_pb_blurb_container\"><h4 class=\"et_pb_module_header\"><a href=\"https:\/\/www.arrova.dev\/ca\/serveis\/triptics\/\">Triptics<\/a><\/h4><\/div><\/div><\/div><\/div><div class=\"et_pb_column_8 et_pb_column et_pb_column_1_4 et-last-child et_block_column et_pb_css_mix_blend_mode_passthrough\"><div class=\"et_pb_blurb_3 et_pb_blurb et_pb_bg_layout_light et_pb_text_align_center et_pb_blurb_position_top et_pb_module et_block_module\"><div class=\"et_pb_blurb_content\"><div class=\"et_pb_main_blurb_image\"><a href=\"https:\/\/www.arrova.dev\/ca\/serveis\/full-de-carta\/\"><span class=\"et_pb_image_wrap\"><span class=\"et-pb-icon et_animated et_animated\">h<\/span><\/span><\/a><\/div><div class=\"et_pb_blurb_container\"><h4 class=\"et_pb_module_header\"><a href=\"https:\/\/www.arrova.dev\/ca\/serveis\/full-de-carta\/\">Full de carta<\/a><\/h4><\/div><\/div><\/div><\/div><\/div><\/div>","protected":false},"excerpt":{"rendered":"","protected":false},"author":9,"featured_media":0,"parent":4383,"menu_order":0,"comment_status":"closed","ping_status":"closed","template":"","meta":{"footnotes":""},"class_list":["post-4372","page","type-page","status-publish","hentry"],"_links":{"self":[{"href":"https:\/\/www.arrova.dev\/ca\/wp-json\/wp\/v2\/pages\/4372","targetHints":{"allow":["GET"]}}],"collection":[{"href":"https:\/\/www.arrova.dev\/ca\/wp-json\/wp\/v2\/pages"}],"about":[{"href":"https:\/\/www.arrova.dev\/ca\/wp-json\/wp\/v2\/types\/page"}],"author":[{"embeddable":true,"href":"https:\/\/www.arrova.dev\/ca\/wp-json\/wp\/v2\/users\/9"}],"replies":[{"embeddable":true,"href":"https:\/\/www.arrova.dev\/ca\/wp-json\/wp\/v2\/comments?post=4372"}],"version-history":[{"count":12,"href":"https:\/\/www.arrova.dev\/ca\/wp-json\/wp\/v2\/pages\/4372\/revisions"}],"predecessor-version":[{"id":6465,"href":"https:\/\/www.arrova.dev\/ca\/wp-json\/wp\/v2\/pages\/4372\/revisions\/6465"}],"up":[{"embeddable":true,"href":"https:\/\/www.arrova.dev\/ca\/wp-json\/wp\/v2\/pages\/4383"}],"wp:attachment":[{"href":"https:\/\/www.arrova.dev\/ca\/wp-json\/wp\/v2\/media?parent=4372"}],"curies":[{"name":"wp","href":"https:\/\/api.w.org\/{rel}","templated":true}]}}