{"id":4392,"date":"2024-07-31T12:54:50","date_gmt":"2024-07-31T10:54:50","guid":{"rendered":"https:\/\/www.arrova.dev\/serveis\/flyers\/"},"modified":"2026-04-22T17:07:59","modified_gmt":"2026-04-22T15:07:59","slug":"flyers","status":"publish","type":"page","link":"https:\/\/www.arrova.dev\/ca\/serveis\/flyers\/","title":{"rendered":"Flyers"},"content":{"rendered":"<div class=\"et_pb_section_0 et_pb_section et_section_regular et_block_section et_pb_section_parallax header-section-p\"><span class=\"et-pb-parallax-wrapper\"><span class=\"et-pb-parallax-background et-pb-parallax-background-module--divi-section-0\" style=\"background-image:url(https:\/\/www.arrova.dev\/wp-content\/uploads\/2021\/12\/textura2.png)\"><\/span><\/span><div class=\"et_pb_row_0 et_pb_row et_block_row\"><div class=\"et_pb_column_0 et_pb_column et_pb_column_1_2 et_block_column et_pb_css_mix_blend_mode_passthrough\"><div class=\"et_pb_text_0 et_pb_text et_pb_bg_layout_dark et_pb_module et_block_module preset--module--divi-text--default\"><div class=\"et_pb_text_inner\"><h1>Flyers<\/h1>\n<\/div><\/div><div class=\"et_pb_text_1 et_pb_text et_pb_bg_layout_dark et_pb_module et_block_module preset--module--divi-text--default\"><div class=\"et_pb_text_inner\"><p>Transforma el teu missatge amb els nostres flyers personalitzats: disseny atractiu i clar per captar tota atenci\u00f3.<\/p>\n<\/div><\/div><div class=\"et_pb_module et_pb_button_module_wrapper et_pb_button_0_wrapper\"><a class=\"et_pb_button_0 et_pb_button et_pb_bg_layout_light et_pb_module et_block_module\" href=\"#contact-footer-title-row\" data-icon=\"5\">Contacta amb nosaltres<\/a><\/div><\/div><div class=\"et_pb_column_1 et_pb_column et_pb_column_1_2 et-last-child et_block_column et_pb_css_mix_blend_mode_passthrough\"><div class=\"et_pb_image_0 et_pb_image et_animated et_pb_module et_block_module\"><span class=\"et_pb_image_wrap\"><img loading=\"lazy\" decoding=\"async\" src=\"https:\/\/www.arrova.dev\/wp-content\/uploads\/2024\/07\/OPH1J51-1.png\" width=\"4256\" height=\"2832\" srcset=\"https:\/\/www.arrova.dev\/wp-content\/uploads\/2024\/07\/OPH1J51-1.png 4256w, https:\/\/www.arrova.dev\/wp-content\/uploads\/2024\/07\/OPH1J51-1-1280x852.png 1280w, https:\/\/www.arrova.dev\/wp-content\/uploads\/2024\/07\/OPH1J51-1-980x652.png 980w, https:\/\/www.arrova.dev\/wp-content\/uploads\/2024\/07\/OPH1J51-1-480x319.png 480w\" sizes=\"(min-width: 0px) and (max-width: 480px) 480px, (min-width: 481px) and (max-width: 980px) 980px, (min-width: 981px) and (max-width: 1280px) 1280px, (min-width: 1281px) 4256px, 100vw\" class=\"wp-image-4246\" title=\"OPH1J51\" \/><\/span><\/div><\/div><\/div><div class=\"et_pb_row_1 et_pb_row et_block_row\"><div class=\"et_pb_column_2 et_pb_column et_pb_column_4_4 et-last-child et_block_column et_pb_css_mix_blend_mode_passthrough\"><div class=\"et_pb_image_1 et_pb_image et_pb_image_sticky et_pb_module et_block_module\"><span class=\"et_pb_image_wrap\"><img loading=\"lazy\" decoding=\"async\" src=\"https:\/\/www.arrova.dev\/wp-content\/uploads\/2020\/06\/cyber-security-05.png\" width=\"2560\" height=\"1043\" srcset=\"https:\/\/www.arrova.dev\/wp-content\/uploads\/2020\/06\/cyber-security-05.png 2560w, https:\/\/www.arrova.dev\/wp-content\/uploads\/2020\/06\/cyber-security-05-1280x522.png 1280w, https:\/\/www.arrova.dev\/wp-content\/uploads\/2020\/06\/cyber-security-05-980x399.png 980w, https:\/\/www.arrova.dev\/wp-content\/uploads\/2020\/06\/cyber-security-05-480x196.png 480w\" sizes=\"(min-width: 0px) and (max-width: 480px) 480px, (min-width: 481px) and (max-width: 980px) 980px, (min-width: 981px) and (max-width: 1280px) 1280px, (min-width: 1281px) 2560px, 100vw\" class=\"wp-image-100\" \/><\/span><\/div><\/div><\/div><\/div><div class=\"et_pb_section_1 et_pb_section et_section_regular et_block_section\"><div class=\"et_pb_row_2 et_pb_row et_block_row\"><div class=\"et_pb_column_3 et_pb_column et_pb_column_4_4 et-last-child et_block_column et_pb_css_mix_blend_mode_passthrough\"><div class=\"et_pb_text_2 et_pb_text et_pb_bg_layout_light et_pb_module et_block_module et_pb_text_align_justified preset--module--divi-text--default\"><div class=\"et_pb_text_inner\"><h2>Disseny de Flyers<\/h2>\n<p>&nbsp;<\/p>\n<p>Transforma el teu missatge en alguna cosa visualment impactant amb els nostres flyers personalitzats! Al nostre servei de disseny, creem materials que capturen l'ess\u00e8ncia del teu esdeveniment o negoci de manera atractiva i clara. Ens assegurem que el teu missatge arribi de manera efectiva i memorable. Confia en nosaltres per dissenyar flyers que no nom\u00e9s informin, sin\u00f3 que tamb\u00e9 emocionin la teva audi\u00e8ncia. Contacta'ns i deixa que el teu missatge brilli amb estil.    <\/p>\n<p>&nbsp;<\/p>\n<\/div><\/div><\/div><\/div><div class=\"et_pb_row_3 et_pb_row et_block_row\"><div class=\"et_pb_column_4 et_pb_column et_pb_column_4_4 et-last-child et_block_column et_pb_css_mix_blend_mode_passthrough\"><div class=\"et_pb_image_2 et_pb_image et_pb_module et_block_module\"><span class=\"et_pb_image_wrap\"><img loading=\"lazy\" decoding=\"async\" src=\"https:\/\/www.arrova.dev\/wp-content\/uploads\/2024\/07\/OPH1J51.png\" width=\"4256\" height=\"2832\" srcset=\"https:\/\/www.arrova.dev\/wp-content\/uploads\/2024\/07\/OPH1J51.png 4256w, https:\/\/www.arrova.dev\/wp-content\/uploads\/2024\/07\/OPH1J51-1280x852.png 1280w, https:\/\/www.arrova.dev\/wp-content\/uploads\/2024\/07\/OPH1J51-980x652.png 980w, https:\/\/www.arrova.dev\/wp-content\/uploads\/2024\/07\/OPH1J51-480x319.png 480w\" sizes=\"(min-width: 0px) and (max-width: 480px) 480px, (min-width: 481px) and (max-width: 980px) 980px, (min-width: 981px) and (max-width: 1280px) 1280px, (min-width: 1281px) 4256px, 100vw\" class=\"wp-image-4243\" title=\"OPH1J51\" \/><\/span><\/div><div class=\"et_pb_text_3 et_pb_text et_pb_bg_layout_light et_pb_module et_block_module et_pb_text_align_justified preset--module--divi-text--default\"><div class=\"et_pb_text_inner\"><h3><strong>Serveis relacionats:<\/strong><\/h3>\n<\/div><\/div><\/div><\/div><div class=\"et_pb_row_4 et_pb_row et_pb_row_4col et_block_row et_block_row_4col\"><div class=\"et_pb_column_5 et_pb_column et_pb_column_1_4 et_block_column et_pb_css_mix_blend_mode_passthrough\"><div class=\"et_pb_blurb_0 et_pb_blurb et_pb_bg_layout_light et_pb_text_align_center et_pb_blurb_position_top et_pb_module et_block_module\"><div class=\"et_pb_blurb_content\"><div class=\"et_pb_main_blurb_image\"><a href=\"https:\/\/www.arrova.dev\/ca\/serveis\/targeta-de-visita\/\"><span class=\"et_pb_image_wrap\"><span class=\"et-pb-icon et_animated et_animated\">\ue107<\/span><\/span><\/a><\/div><div class=\"et_pb_blurb_container\"><h4 class=\"et_pb_module_header\"><a href=\"https:\/\/www.arrova.dev\/ca\/serveis\/targeta-de-visita\/\">Targeta de visita<\/a><\/h4><\/div><\/div><\/div><\/div><div class=\"et_pb_column_6 et_pb_column et_pb_column_1_4 et_block_column et_pb_css_mix_blend_mode_passthrough\"><div class=\"et_pb_blurb_1 et_pb_blurb et_pb_bg_layout_light et_pb_text_align_center et_pb_blurb_position_top et_pb_module et_block_module\"><div class=\"et_pb_blurb_content\"><div class=\"et_pb_main_blurb_image\"><a href=\"https:\/\/www.arrova.dev\/ca\/serveis\/sobres-corporatius\/\"><span class=\"et_pb_image_wrap\"><span class=\"et-pb-icon et_animated et_animated\">\ue010<\/span><\/span><\/a><\/div><div class=\"et_pb_blurb_container\"><h4 class=\"et_pb_module_header\"><a href=\"https:\/\/www.arrova.dev\/ca\/serveis\/sobres-corporatius\/\">Sobres corporatius<\/a><\/h4><\/div><\/div><\/div><\/div><div class=\"et_pb_column_7 et_pb_column et_pb_column_1_4 et_block_column et_pb_css_mix_blend_mode_passthrough\"><div class=\"et_pb_blurb_2 et_pb_blurb et_pb_bg_layout_light et_pb_text_align_center et_pb_blurb_position_top et_pb_module et_block_module\"><div class=\"et_pb_blurb_content\"><div class=\"et_pb_main_blurb_image\"><a href=\"https:\/\/www.arrova.dev\/ca\/serveis\/triptics\/\"><span class=\"et_pb_image_wrap\"><span class=\"et-pb-icon et_animated et_animated\">\ue01f<\/span><\/span><\/a><\/div><div class=\"et_pb_blurb_container\"><h4 class=\"et_pb_module_header\"><a href=\"https:\/\/www.arrova.dev\/ca\/serveis\/triptics\/\">Triptics<\/a><\/h4><\/div><\/div><\/div><\/div><div class=\"et_pb_column_8 et_pb_column et_pb_column_1_4 et-last-child et_block_column et_pb_css_mix_blend_mode_passthrough\"><div class=\"et_pb_blurb_3 et_pb_blurb et_pb_bg_layout_light et_pb_text_align_center et_pb_blurb_position_top et_pb_module et_block_module\"><div class=\"et_pb_blurb_content\"><div class=\"et_pb_main_blurb_image\"><a href=\"https:\/\/www.arrova.dev\/ca\/serveis\/full-de-carta\/\"><span class=\"et_pb_image_wrap\"><span class=\"et-pb-icon et_animated et_animated\">h<\/span><\/span><\/a><\/div><div class=\"et_pb_blurb_container\"><h4 class=\"et_pb_module_header\"><a href=\"https:\/\/www.arrova.dev\/ca\/serveis\/full-de-carta\/\">Full de carta<\/a><\/h4><\/div><\/div><\/div><\/div><\/div><\/div>","protected":false},"excerpt":{"rendered":"","protected":false},"author":9,"featured_media":0,"parent":4383,"menu_order":0,"comment_status":"closed","ping_status":"closed","template":"","meta":{"footnotes":""},"class_list":["post-4392","page","type-page","status-publish","hentry"],"_links":{"self":[{"href":"https:\/\/www.arrova.dev\/ca\/wp-json\/wp\/v2\/pages\/4392","targetHints":{"allow":["GET"]}}],"collection":[{"href":"https:\/\/www.arrova.dev\/ca\/wp-json\/wp\/v2\/pages"}],"about":[{"href":"https:\/\/www.arrova.dev\/ca\/wp-json\/wp\/v2\/types\/page"}],"author":[{"embeddable":true,"href":"https:\/\/www.arrova.dev\/ca\/wp-json\/wp\/v2\/users\/9"}],"replies":[{"embeddable":true,"href":"https:\/\/www.arrova.dev\/ca\/wp-json\/wp\/v2\/comments?post=4392"}],"version-history":[{"count":7,"href":"https:\/\/www.arrova.dev\/ca\/wp-json\/wp\/v2\/pages\/4392\/revisions"}],"predecessor-version":[{"id":6469,"href":"https:\/\/www.arrova.dev\/ca\/wp-json\/wp\/v2\/pages\/4392\/revisions\/6469"}],"up":[{"embeddable":true,"href":"https:\/\/www.arrova.dev\/ca\/wp-json\/wp\/v2\/pages\/4383"}],"wp:attachment":[{"href":"https:\/\/www.arrova.dev\/ca\/wp-json\/wp\/v2\/media?parent=4392"}],"curies":[{"name":"wp","href":"https:\/\/api.w.org\/{rel}","templated":true}]}}