{"id":4433,"date":"2024-07-31T12:57:42","date_gmt":"2024-07-31T10:57:42","guid":{"rendered":"https:\/\/www.arrova.dev\/comunicacio-2-0\/"},"modified":"2026-04-22T17:08:08","modified_gmt":"2026-04-22T15:08:08","slug":"comunicacio-2-0","status":"publish","type":"page","link":"https:\/\/www.arrova.dev\/ca\/comunicacio-2-0\/","title":{"rendered":"Comunicaci\u00f3 2.0"},"content":{"rendered":"\n<div class=\"et_pb_section_0 et_pb_section et_section_regular et_block_section et_pb_section_parallax header-section-p\"><span class=\"et-pb-parallax-wrapper\"><span class=\"et-pb-parallax-background et-pb-parallax-background-module--divi-section-0\" style=\"background-image:url(https:\/\/www.arrova.dev\/wp-content\/uploads\/2020\/06\/cyber-security-bl.png)\"><\/span><\/span><div class=\"et_pb_row_0 et_pb_row et_block_row\"><div class=\"et_pb_column_0 et_pb_column et_pb_column_1_2 et_block_column et_pb_css_mix_blend_mode_passthrough\"><div class=\"et_pb_text_0 et_pb_text et_pb_bg_layout_dark et_pb_module et_block_module preset--module--divi-text--default\"><div class=\"et_pb_text_inner\"><h1>Comunicaci\u00f3 2.0<\/h1>\n<\/div><\/div><div class=\"et_pb_text_1 et_pb_text et_pb_bg_layout_dark et_pb_module et_block_module preset--module--divi-text--default\"><div class=\"et_pb_text_inner\"><p>Sabem que la comunicaci\u00f3 sense estrat\u00e8gia no t\u00e9 cap sentit. Qualsevol acci\u00f3 de comunicaci\u00f3 ha d'estar planificada i enfocada a assolir uns objectius. T'ajudem a crear i mantenir la teva reputaci\u00f3 en l\u00ednia i comunicar-te amb els teus clients dins de l'entorn digital. T'assessorem sobre quines xarxes s'adapten al teu perfil i les gestionem per tu.   <\/p>\n<\/div><\/div><div class=\"et_pb_module et_pb_button_module_wrapper et_pb_button_0_wrapper\"><a class=\"et_pb_button_0 et_pb_button et_pb_bg_layout_light et_pb_module et_block_module\" href=\"\">Request An Evaluation<\/a><\/div><div class=\"et_pb_module et_pb_button_module_wrapper et_pb_button_1_wrapper\"><a class=\"et_pb_button_1 et_pb_button et_pb_bg_layout_light et_pb_module et_block_module\" href=\"\">Self Evaluation<\/a><\/div><\/div><div class=\"et_pb_column_1 et_pb_column et_pb_column_1_2 et-last-child et_block_column et_pb_css_mix_blend_mode_passthrough\"><div class=\"et_pb_image_0 et_pb_image et_animated et_pb_module et_block_module\"><span class=\"et_pb_image_wrap\"><img loading=\"lazy\" decoding=\"async\" src=\"https:\/\/www.arrova.dev\/wp-content\/uploads\/2020\/06\/creative_process_.png\" width=\"1000\" height=\"783\" srcset=\"https:\/\/www.arrova.dev\/wp-content\/uploads\/2020\/06\/creative_process_.png 1000w, https:\/\/www.arrova.dev\/wp-content\/uploads\/2020\/06\/creative_process_-980x767.png 980w, https:\/\/www.arrova.dev\/wp-content\/uploads\/2020\/06\/creative_process_-480x376.png 480w\" sizes=\"(min-width: 0px) and (max-width: 480px) 480px, (min-width: 481px) and (max-width: 980px) 980px, (min-width: 981px) 1000px, 100vw\" class=\"wp-image-362\" title=\"creative_process_\" \/><\/span><\/div><\/div><\/div><div class=\"et_pb_row_1 et_pb_row et_block_row\"><div class=\"et_pb_column_2 et_pb_column et_pb_column_4_4 et-last-child et_block_column et_pb_css_mix_blend_mode_passthrough\"><div class=\"et_pb_image_1 et_pb_image et_pb_image_sticky et_pb_module et_block_module\"><span class=\"et_pb_image_wrap\"><img loading=\"lazy\" decoding=\"async\" src=\"https:\/\/www.arrova.dev\/wp-content\/uploads\/2020\/06\/cyber-security-05.png\" width=\"2560\" height=\"1043\" srcset=\"https:\/\/www.arrova.dev\/wp-content\/uploads\/2020\/06\/cyber-security-05.png 2560w, https:\/\/www.arrova.dev\/wp-content\/uploads\/2020\/06\/cyber-security-05-1280x522.png 1280w, https:\/\/www.arrova.dev\/wp-content\/uploads\/2020\/06\/cyber-security-05-980x399.png 980w, https:\/\/www.arrova.dev\/wp-content\/uploads\/2020\/06\/cyber-security-05-480x196.png 480w\" sizes=\"(min-width: 0px) and (max-width: 480px) 480px, (min-width: 481px) and (max-width: 980px) 980px, (min-width: 981px) and (max-width: 1280px) 1280px, (min-width: 1281px) 2560px, 100vw\" class=\"wp-image-100\" \/><\/span><\/div><\/div><\/div><\/div><div class=\"et_pb_section_1 et_pb_section et_section_regular et_block_section\"><div class=\"et_pb_row_2 et_pb_row et_block_row\"><div class=\"et_pb_column_3 et_pb_column et_pb_column_4_4 et-last-child et_block_column et_pb_css_mix_blend_mode_passthrough\"><div class=\"et_pb_text_2 et_pb_text et_pb_bg_layout_light et_pb_module et_block_module et_pb_text_align_justified preset--module--divi-text--default\"><div class=\"et_pb_text_inner\"><h2>Com treballem<\/h2>\n<p>Nulla quis lorem ut libero malesuada feugiat. Curabitur non nulla sit amet nisl tempus convallis quis ac lectus. Vivamus suscipit tortor eget felis porttitor volutpat.<\/p>\n<\/div><\/div><\/div><\/div><\/div>\n","protected":false},"excerpt":{"rendered":"","protected":false},"author":2,"featured_media":0,"parent":2135,"menu_order":0,"comment_status":"closed","ping_status":"closed","template":"","meta":{"footnotes":""},"class_list":["post-4433","page","type-page","status-publish","hentry"],"_links":{"self":[{"href":"https:\/\/www.arrova.dev\/ca\/wp-json\/wp\/v2\/pages\/4433","targetHints":{"allow":["GET"]}}],"collection":[{"href":"https:\/\/www.arrova.dev\/ca\/wp-json\/wp\/v2\/pages"}],"about":[{"href":"https:\/\/www.arrova.dev\/ca\/wp-json\/wp\/v2\/types\/page"}],"author":[{"embeddable":true,"href":"https:\/\/www.arrova.dev\/ca\/wp-json\/wp\/v2\/users\/2"}],"replies":[{"embeddable":true,"href":"https:\/\/www.arrova.dev\/ca\/wp-json\/wp\/v2\/comments?post=4433"}],"version-history":[{"count":12,"href":"https:\/\/www.arrova.dev\/ca\/wp-json\/wp\/v2\/pages\/4433\/revisions"}],"predecessor-version":[{"id":6476,"href":"https:\/\/www.arrova.dev\/ca\/wp-json\/wp\/v2\/pages\/4433\/revisions\/6476"}],"up":[{"embeddable":true,"href":"https:\/\/www.arrova.dev\/ca\/wp-json\/wp\/v2\/pages\/2135"}],"wp:attachment":[{"href":"https:\/\/www.arrova.dev\/ca\/wp-json\/wp\/v2\/media?parent=4433"}],"curies":[{"name":"wp","href":"https:\/\/api.w.org\/{rel}","templated":true}]}}